{"id":2324,"date":"2023-01-19T10:49:36","date_gmt":"2023-01-19T09:49:36","guid":{"rendered":"https:\/\/www.hepic-hub.org\/associacion-dinnovacion-en-territoris-de-montanha\/"},"modified":"2023-03-13T12:57:42","modified_gmt":"2023-03-13T11:57:42","slug":"associacion-dinnovacion-en-territoris-de-montanha","status":"publish","type":"page","link":"https:\/\/www.hepic-hub.org\/oc\/associacion-dinnovacion-en-territoris-de-montanha\/","title":{"rendered":"Associacion d&rsquo;Innovacion en Territ\u00f2ris de Montanha"},"content":{"rendered":"\t\t<div data-elementor-type=\"wp-page\" data-elementor-id=\"2324\" class=\"elementor elementor-2324 elementor-2286\" data-elementor-post-type=\"page\">\n\t\t\t\t\t\t<section class=\"has_eae_slider elementor-section elementor-top-section elementor-element elementor-element-bb5103a elementor-section-full_width elementor-section-height-default elementor-section-height-default\" data-eae-slider=\"74037\" data-id=\"bb5103a\" data-element_type=\"section\" data-e-type=\"section\" data-settings=\"{&quot;background_background&quot;:&quot;classic&quot;}\">\n\t\t\t\t\t\t<div class=\"elementor-container elementor-column-gap-default\">\n\t\t\t\t\t<div class=\"has_eae_slider elementor-column elementor-col-100 elementor-top-column elementor-element elementor-element-9c3d9eb\" data-eae-slider=\"42074\" data-id=\"9c3d9eb\" data-element_type=\"column\" data-e-type=\"column\">\n\t\t\t<div class=\"elementor-widget-wrap elementor-element-populated\">\n\t\t\t\t\t\t<div class=\"elementor-element elementor-element-02f800f elementor-widget elementor-widget-theme-post-title elementor-page-title elementor-widget-heading\" data-id=\"02f800f\" data-element_type=\"widget\" data-e-type=\"widget\" data-widget_type=\"theme-post-title.default\">\n\t\t\t\t<div class=\"elementor-widget-container\">\n\t\t\t\t\t<h1 class=\"elementor-heading-title elementor-size-default\">Associacion d&rsquo;Innovacion en Territ\u00f2ris de Montanha<\/h1>\t\t\t\t<\/div>\n\t\t\t\t<\/div>\n\t\t\t\t\t<\/div>\n\t\t<\/div>\n\t\t\t\t\t<\/div>\n\t\t<\/section>\n\t\t\t\t<section class=\"has_eae_slider elementor-section elementor-top-section elementor-element elementor-element-9fb7643 elementor-section-boxed elementor-section-height-default elementor-section-height-default\" data-eae-slider=\"89723\" data-id=\"9fb7643\" data-element_type=\"section\" data-e-type=\"section\">\n\t\t\t\t\t\t<div class=\"elementor-container elementor-column-gap-default\">\n\t\t\t\t\t<div class=\"has_eae_slider elementor-column elementor-col-100 elementor-top-column elementor-element elementor-element-b5224df\" data-eae-slider=\"83647\" data-id=\"b5224df\" data-element_type=\"column\" data-e-type=\"column\">\n\t\t\t<div class=\"elementor-widget-wrap elementor-element-populated\">\n\t\t\t\t\t\t<div class=\"elementor-element elementor-element-39501b9 elementor-widget elementor-widget-text-editor\" data-id=\"39501b9\" data-element_type=\"widget\" data-e-type=\"widget\" data-widget_type=\"text-editor.default\">\n\t\t\t\t<div class=\"elementor-widget-container\">\n\t\t\t\t\t\t\t\t\t<p><strong>Qu\u00e8 ei era Associacion d&rsquo;Innovacion en Territ\u00f2ris de Montanha?<\/strong><\/p><p>Era Associacion d\u2019Innovacion en Territ\u00f2ris de Montanha ei ua agropacion de toti es agents que v\u00f2len trabalhar de man\u00e8ra innovadora ent\u00e0 aportar aguesta forma d\u2019actuar a toti es sectors economics. Per aquer\u00f2, amasse empreses de toti es sectors, des deth tecnologic e toristic enquiath com\u00e8r\u00e7 e agropecuari. Tanben includ\u00eds as agents d\u2019investigacion, estudiants, persones jubilades e d\u2019auti tipes d\u2019organizacions.<\/p><p>Des dera Associacion d\u2019Innovacion en Territ\u00f2ris de Montanha se preten prom\u00f2ir era innovacion. Aguesta se defin\u00eds coma era metodologia que permet ara generacion dar naues responses as r\u00e8ptes actuaus Ei, claraments, un estrument transformador damb era capacitat d\u2019activar e potenciar eth talent der entorn e m\u00e9ter en valor toti es actius qu\u2019age.<\/p><p>Per aquer\u00f2, innovar p\u00f2t \u00e8ster era creacion de naues causes -productes, servicis-, p\u00f2t \u00e8ster era forma com se creen causes que ja existissen -per exemple, ua naua forma de h\u00e8r un abitatge- e innovar p\u00f2t \u00e8ster un cambi positiu enes valors des organizacions en airaus de melhorar era responsabilitat damb era societat e eth m\u00e8di ambient.<\/p><p>Per aguest motiu, era forma de trabalh dera Associacion d\u2019Innovacion en Territ\u00f2ris de Montanha ei collaborativa. Era associacion v\u00f2 dar sup\u00f2rt a empreses e persones emprenedores t\u00e0 pr&rsquo;amor de que coneishen naues formes de trabalhar. Tanben dar sup\u00f2rt entara obtencion de formes de finan\u00e7ament mejan\u00e7ant subvencions. M\u00e8s era associacion tanben trabalhe ent\u00e0 aportar eth s\u00f2n coneishement e meter-lo a disposicion des administracions publiques e influ\u00efr t\u00e0 que i age innovacion enes proj\u00e8ctes publics.<strong><br><\/strong><\/p><p><strong>Quina ei era n\u00f2sta relacion damb H\u00e8Pic?<\/strong><\/p><p>H\u00e8Pic ei er ecosist\u00e8ma innovador creat ena Val d\u2019Aran ent\u00e0 fomentar, coma nosati, era innovacion. Per aquer\u00f2 madeish, H\u00e8Pic se convert\u00eds en un instrument a disposicion des associadi e de toti aqueri agents que volguen innovar e, tanben, amiar a t\u00e8rme proj\u00e8ctes enes territ\u00f2ris ruraus e de montanha.<\/p><p>Era Associacion d\u2019Innovacion de Territ\u00f2ris de Montanha s\u2019encuede de dinamizar es diferenti instruments que s\u2019engl\u00f2ben laguens d\u2019H\u00e8Pic e que son destinadi ath sector privat. Gr\u00e0cies ara experi\u00e9ncia innovadora e emprenedora des associadi, se p\u00f2den m\u00e9ter a disposicion des persones activitats que produsissen un impacte en territ\u00f2ri.<\/p><p>Ei per aquer\u00f2 que H\u00e8Pic se configure coma ua collaboracion publicoprivada que v\u00f2 vertebrar era innovacion enes p\u00f2bles.<\/p><p><strong>V\u00f2s \u00e8ster associat?<\/strong><\/p><p>Toti e totes \u00e8tz benvengudi e benvingudes ena Associacion d\u2019Innovacion en Territ\u00f2ris de Montanha. Se v\u00f2s integrar aguest proj\u00e8cte, p\u00f2s vier a coneisher-mos. Metem ara tua disposicion es canaus de contacte de H\u00e8Pic t\u00e0 pr&rsquo;amor de que pogues h\u00e8r-mos totes es q\u00fcestions que volgues. Tanben te facilitaram era sollicitud t\u00e0 que te pogues integrar ena associacion.<\/p><p>Non dobtes en contactar damb nosati s\u2019atau ac desires.<\/p>\t\t\t\t\t\t\t\t<\/div>\n\t\t\t\t<\/div>\n\t\t\t\t\t<\/div>\n\t\t<\/div>\n\t\t\t\t\t<\/div>\n\t\t<\/section>\n\t\t\t\t<section class=\"has_eae_slider elementor-section elementor-top-section elementor-element elementor-element-8d4863a elementor-section-boxed elementor-section-height-default elementor-section-height-default\" data-eae-slider=\"38032\" data-id=\"8d4863a\" data-element_type=\"section\" data-e-type=\"section\">\n\t\t\t\t\t\t<div class=\"elementor-container elementor-column-gap-default\">\n\t\t\t\t\t<div class=\"has_eae_slider elementor-column elementor-col-100 elementor-top-column elementor-element elementor-element-b835c03\" data-eae-slider=\"27757\" data-id=\"b835c03\" data-element_type=\"column\" data-e-type=\"column\">\n\t\t\t<div class=\"elementor-widget-wrap elementor-element-populated\">\n\t\t\t\t\t\t<div class=\"elementor-element elementor-element-dae89e0 elementor-widget elementor-widget-heading\" data-id=\"dae89e0\" data-element_type=\"widget\" data-e-type=\"widget\" data-widget_type=\"heading.default\">\n\t\t\t\t<div class=\"elementor-widget-container\">\n\t\t\t\t\t<h2 class=\"elementor-heading-title elementor-size-default\">Es n\u00f2sti associadi:<\/h2>\t\t\t\t<\/div>\n\t\t\t\t<\/div>\n\t\t\t\t<section class=\"has_eae_slider elementor-section elementor-inner-section elementor-element elementor-element-3728b25 elementor-section-boxed elementor-section-height-default elementor-section-height-default\" data-eae-slider=\"20694\" data-id=\"3728b25\" data-element_type=\"section\" data-e-type=\"section\">\n\t\t\t\t\t\t<div class=\"elementor-container elementor-column-gap-default\">\n\t\t\t\t\t<div class=\"has_eae_slider elementor-column elementor-col-33 elementor-inner-column elementor-element elementor-element-fb1d8ca\" data-eae-slider=\"91109\" data-id=\"fb1d8ca\" data-element_type=\"column\" data-e-type=\"column\">\n\t\t\t<div class=\"elementor-widget-wrap elementor-element-populated\">\n\t\t\t\t\t\t<div class=\"elementor-element elementor-element-6695745 elementor-widget elementor-widget-image\" data-id=\"6695745\" data-element_type=\"widget\" data-e-type=\"widget\" data-widget_type=\"image.default\">\n\t\t\t\t<div class=\"elementor-widget-container\">\n\t\t\t\t\t\t\t\t\t\t\t\t\t\t\t\t<a href=\"https:\/\/www.arantec.com\/\">\n\t\t\t\t\t\t\t<img decoding=\"async\" width=\"150\" height=\"150\" src=\"https:\/\/www.hepic-hub.org\/wp-content\/uploads\/2023\/01\/Arantec-150x150.jpg\" class=\"attachment-thumbnail size-thumbnail wp-image-2312\" alt=\"\" srcset=\"https:\/\/www.hepic-hub.org\/wp-content\/uploads\/2023\/01\/Arantec-150x150.jpg 150w, https:\/\/www.hepic-hub.org\/wp-content\/uploads\/2023\/01\/Arantec.jpg 200w\" sizes=\"(max-width: 150px) 100vw, 150px\" \/>\t\t\t\t\t\t\t\t<\/a>\n\t\t\t\t\t\t\t\t\t\t\t\t\t\t\t<\/div>\n\t\t\t\t<\/div>\n\t\t\t\t<div class=\"elementor-element elementor-element-63337cd elementor-widget elementor-widget-image\" data-id=\"63337cd\" data-element_type=\"widget\" data-e-type=\"widget\" data-widget_type=\"image.default\">\n\t\t\t\t<div class=\"elementor-widget-container\">\n\t\t\t\t\t\t\t\t\t\t\t\t\t\t\t\t<a href=\"https:\/\/maladeta.studio\/\">\n\t\t\t\t\t\t\t<img decoding=\"async\" src=\"https:\/\/www.hepic-hub.org\/wp-content\/uploads\/elementor\/thumbs\/Maladeta-rma9lb9kmw421campk8yoqmr8e5y9affp3qia0tb5s.jpg\" title=\"Maladeta\" alt=\"Maladeta\" loading=\"lazy\" \/>\t\t\t\t\t\t\t\t<\/a>\n\t\t\t\t\t\t\t\t\t\t\t\t\t\t\t<\/div>\n\t\t\t\t<\/div>\n\t\t\t\t<div class=\"elementor-element elementor-element-696d323 elementor-widget elementor-widget-image\" data-id=\"696d323\" data-element_type=\"widget\" data-e-type=\"widget\" data-widget_type=\"image.default\">\n\t\t\t\t<div class=\"elementor-widget-container\">\n\t\t\t\t\t\t\t\t\t\t\t\t\t\t\t\t<a href=\"https:\/\/esnepi.es\/\">\n\t\t\t\t\t\t\t<img decoding=\"async\" width=\"300\" height=\"113\" src=\"https:\/\/www.hepic-hub.org\/wp-content\/uploads\/2023\/01\/Esnepi-300x113.png\" class=\"attachment-medium size-medium wp-image-2297\" alt=\"\" srcset=\"https:\/\/www.hepic-hub.org\/wp-content\/uploads\/2023\/01\/Esnepi-300x113.png 300w, https:\/\/www.hepic-hub.org\/wp-content\/uploads\/2023\/01\/Esnepi.png 386w\" sizes=\"(max-width: 300px) 100vw, 300px\" \/>\t\t\t\t\t\t\t\t<\/a>\n\t\t\t\t\t\t\t\t\t\t\t\t\t\t\t<\/div>\n\t\t\t\t<\/div>\n\t\t\t\t\t<\/div>\n\t\t<\/div>\n\t\t\t\t<div class=\"has_eae_slider elementor-column elementor-col-33 elementor-inner-column elementor-element elementor-element-3ae8639\" data-eae-slider=\"4191\" data-id=\"3ae8639\" data-element_type=\"column\" data-e-type=\"column\">\n\t\t\t<div class=\"elementor-widget-wrap elementor-element-populated\">\n\t\t\t\t\t\t<div class=\"elementor-element elementor-element-e3600fe elementor-widget elementor-widget-image\" data-id=\"e3600fe\" data-element_type=\"widget\" data-e-type=\"widget\" data-widget_type=\"image.default\">\n\t\t\t\t<div class=\"elementor-widget-container\">\n\t\t\t\t\t\t\t\t\t\t\t\t\t\t\t\t<a href=\"https:\/\/pirineosdrone.com\/\">\n\t\t\t\t\t\t\t<img decoding=\"async\" width=\"150\" height=\"150\" src=\"https:\/\/www.hepic-hub.org\/wp-content\/uploads\/2023\/01\/Pirineos-Drone-150x150.jpg\" class=\"attachment-thumbnail size-thumbnail wp-image-2306\" alt=\"\" srcset=\"https:\/\/www.hepic-hub.org\/wp-content\/uploads\/2023\/01\/Pirineos-Drone-150x150.jpg 150w, https:\/\/www.hepic-hub.org\/wp-content\/uploads\/2023\/01\/Pirineos-Drone.jpg 200w\" sizes=\"(max-width: 150px) 100vw, 150px\" \/>\t\t\t\t\t\t\t\t<\/a>\n\t\t\t\t\t\t\t\t\t\t\t\t\t\t\t<\/div>\n\t\t\t\t<\/div>\n\t\t\t\t<div class=\"elementor-element elementor-element-b75f057 elementor-widget elementor-widget-image\" data-id=\"b75f057\" data-element_type=\"widget\" data-e-type=\"widget\" data-widget_type=\"image.default\">\n\t\t\t\t<div class=\"elementor-widget-container\">\n\t\t\t\t\t\t\t\t\t\t\t\t\t\t\t\t<a href=\"https:\/\/www.electricriders.net\/\">\n\t\t\t\t\t\t\t<img decoding=\"async\" src=\"https:\/\/www.hepic-hub.org\/wp-content\/uploads\/2023\/01\/Electric-riders.jpg\" title=\"Electric riders\" alt=\"Electric riders\" loading=\"lazy\" \/>\t\t\t\t\t\t\t\t<\/a>\n\t\t\t\t\t\t\t\t\t\t\t\t\t\t\t<\/div>\n\t\t\t\t<\/div>\n\t\t\t\t<div class=\"elementor-element elementor-element-370e4c1 elementor-widget elementor-widget-image\" data-id=\"370e4c1\" data-element_type=\"widget\" data-e-type=\"widget\" data-widget_type=\"image.default\">\n\t\t\t\t<div class=\"elementor-widget-container\">\n\t\t\t\t\t\t\t\t\t\t\t\t\t\t\t\t<a href=\"https:\/\/www.comei.es\/es\/\">\n\t\t\t\t\t\t\t<img loading=\"lazy\" decoding=\"async\" width=\"150\" height=\"150\" src=\"https:\/\/www.hepic-hub.org\/wp-content\/uploads\/2023\/02\/COMEI-150x150.png\" class=\"attachment-thumbnail size-thumbnail wp-image-2361\" alt=\"\" srcset=\"https:\/\/www.hepic-hub.org\/wp-content\/uploads\/2023\/02\/COMEI-150x150.png 150w, https:\/\/www.hepic-hub.org\/wp-content\/uploads\/2023\/02\/COMEI-300x300.png 300w, https:\/\/www.hepic-hub.org\/wp-content\/uploads\/2023\/02\/COMEI.png 400w\" sizes=\"(max-width: 150px) 100vw, 150px\" \/>\t\t\t\t\t\t\t\t<\/a>\n\t\t\t\t\t\t\t\t\t\t\t\t\t\t\t<\/div>\n\t\t\t\t<\/div>\n\t\t\t\t\t<\/div>\n\t\t<\/div>\n\t\t\t\t<div class=\"has_eae_slider elementor-column elementor-col-33 elementor-inner-column elementor-element elementor-element-897ea34\" data-eae-slider=\"90578\" data-id=\"897ea34\" data-element_type=\"column\" data-e-type=\"column\">\n\t\t\t<div class=\"elementor-widget-wrap elementor-element-populated\">\n\t\t\t\t\t\t<div class=\"elementor-element elementor-element-01046fc elementor-widget elementor-widget-image\" data-id=\"01046fc\" data-element_type=\"widget\" data-e-type=\"widget\" data-widget_type=\"image.default\">\n\t\t\t\t<div class=\"elementor-widget-container\">\n\t\t\t\t\t\t\t\t\t\t\t\t\t\t\t\t<a href=\"https:\/\/www.verdeblu.es\/\">\n\t\t\t\t\t\t\t<img decoding=\"async\" src=\"https:\/\/www.hepic-hub.org\/wp-content\/uploads\/elementor\/thumbs\/Verd-e-Blu-rma9kpna9pagmb617swjle35kj4ic91ly4qc8npd4w.png\" title=\"Verd e Blu\" alt=\"Verd e Blu\" loading=\"lazy\" \/>\t\t\t\t\t\t\t\t<\/a>\n\t\t\t\t\t\t\t\t\t\t\t\t\t\t\t<\/div>\n\t\t\t\t<\/div>\n\t\t\t\t<div class=\"elementor-element elementor-element-d09a7bf elementor-widget elementor-widget-image\" data-id=\"d09a7bf\" data-element_type=\"widget\" data-e-type=\"widget\" data-widget_type=\"image.default\">\n\t\t\t\t<div class=\"elementor-widget-container\">\n\t\t\t\t\t\t\t\t\t\t\t\t\t\t\t\t<a href=\"http:\/\/www.olaestudio.com\/\">\n\t\t\t\t\t\t\t<img loading=\"lazy\" decoding=\"async\" width=\"150\" height=\"150\" src=\"https:\/\/www.hepic-hub.org\/wp-content\/uploads\/2023\/01\/OLA-Estudio-150x150.png\" class=\"attachment-thumbnail size-thumbnail wp-image-2303\" alt=\"\" srcset=\"https:\/\/www.hepic-hub.org\/wp-content\/uploads\/2023\/01\/OLA-Estudio-150x150.png 150w, https:\/\/www.hepic-hub.org\/wp-content\/uploads\/2023\/01\/OLA-Estudio.png 225w\" sizes=\"(max-width: 150px) 100vw, 150px\" \/>\t\t\t\t\t\t\t\t<\/a>\n\t\t\t\t\t\t\t\t\t\t\t\t\t\t\t<\/div>\n\t\t\t\t<\/div>\n\t\t\t\t\t<\/div>\n\t\t<\/div>\n\t\t\t\t\t<\/div>\n\t\t<\/section>\n\t\t\t\t\t<\/div>\n\t\t<\/div>\n\t\t\t\t\t<\/div>\n\t\t<\/section>\n\t\t\t\t<\/div>\n\t\t","protected":false},"excerpt":{"rendered":"<p>Qu\u00e8 ei era Associacion d&rsquo;Innovacion en Territ\u00f2ris de Montanha? Era Associacion d\u2019Innovacion en Territ\u00f2ris de Montanha ei ua agropacion de toti es agents que v\u00f2len trabalhar de man\u00e8ra innovadora ent\u00e0&#8230;<\/p>\n","protected":false},"author":6,"featured_media":2561,"parent":0,"menu_order":0,"comment_status":"closed","ping_status":"closed","template":"elementor_header_footer","meta":{"inline_featured_image":false,"footnotes":""},"class_list":["post-2324","page","type-page","status-publish","has-post-thumbnail","hentry"],"_links":{"self":[{"href":"https:\/\/www.hepic-hub.org\/oc\/wp-json\/wp\/v2\/pages\/2324","targetHints":{"allow":["GET"]}}],"collection":[{"href":"https:\/\/www.hepic-hub.org\/oc\/wp-json\/wp\/v2\/pages"}],"about":[{"href":"https:\/\/www.hepic-hub.org\/oc\/wp-json\/wp\/v2\/types\/page"}],"author":[{"embeddable":true,"href":"https:\/\/www.hepic-hub.org\/oc\/wp-json\/wp\/v2\/users\/6"}],"replies":[{"embeddable":true,"href":"https:\/\/www.hepic-hub.org\/oc\/wp-json\/wp\/v2\/comments?post=2324"}],"version-history":[{"count":8,"href":"https:\/\/www.hepic-hub.org\/oc\/wp-json\/wp\/v2\/pages\/2324\/revisions"}],"predecessor-version":[{"id":2371,"href":"https:\/\/www.hepic-hub.org\/oc\/wp-json\/wp\/v2\/pages\/2324\/revisions\/2371"}],"wp:featuredmedia":[{"embeddable":true,"href":"https:\/\/www.hepic-hub.org\/oc\/wp-json\/wp\/v2\/media\/2561"}],"wp:attachment":[{"href":"https:\/\/www.hepic-hub.org\/oc\/wp-json\/wp\/v2\/media?parent=2324"}],"curies":[{"name":"wp","href":"https:\/\/api.w.org\/{rel}","templated":true}]}}