{"id":1181,"date":"2021-06-15T13:18:34","date_gmt":"2021-06-15T13:18:34","guid":{"rendered":"https:\/\/www.hepic-hub.org\/servicis-e-programes\/he-incuba\/"},"modified":"2021-06-15T13:18:39","modified_gmt":"2021-06-15T13:18:39","slug":"he-incuba","status":"publish","type":"page","link":"https:\/\/www.hepic-hub.org\/oc\/servicis-e-programes\/he-incuba\/","title":{"rendered":"H\u00c8.INCUBA"},"content":{"rendered":"\t\t<div data-elementor-type=\"wp-page\" data-elementor-id=\"1181\" class=\"elementor elementor-1181 elementor-293\" data-elementor-post-type=\"page\">\n\t\t\t\t\t\t<section class=\"has_eae_slider elementor-section elementor-top-section elementor-element elementor-element-78ee21d elementor-section-full_width elementor-section-content-middle elementor-section-height-default elementor-section-height-default\" data-eae-slider=\"55359\" data-id=\"78ee21d\" data-element_type=\"section\" data-e-type=\"section\">\n\t\t\t\t\t\t<div class=\"elementor-container elementor-column-gap-no\">\n\t\t\t\t\t<div class=\"has_eae_slider elementor-column elementor-col-50 elementor-top-column elementor-element elementor-element-47d297b\" data-eae-slider=\"79326\" data-id=\"47d297b\" data-element_type=\"column\" data-e-type=\"column\" data-settings=\"{&quot;background_background&quot;:&quot;classic&quot;}\">\n\t\t\t<div class=\"elementor-widget-wrap elementor-element-populated\">\n\t\t\t\t\t<div class=\"elementor-background-overlay\"><\/div>\n\t\t\t\t\t\t<div class=\"elementor-element elementor-element-d24d175 elementor-widget elementor-widget-heading\" data-id=\"d24d175\" data-element_type=\"widget\" data-e-type=\"widget\" data-widget_type=\"heading.default\">\n\t\t\t\t<div class=\"elementor-widget-container\">\n\t\t\t\t\t<h4 class=\"elementor-heading-title elementor-size-default\">H\u00e8INCUBA<\/h4>\t\t\t\t<\/div>\n\t\t\t\t<\/div>\n\t\t\t\t\t<\/div>\n\t\t<\/div>\n\t\t\t\t<div class=\"has_eae_slider elementor-column elementor-col-50 elementor-top-column elementor-element elementor-element-a97d1aa\" data-eae-slider=\"5893\" data-id=\"a97d1aa\" data-element_type=\"column\" data-e-type=\"column\">\n\t\t\t<div class=\"elementor-widget-wrap elementor-element-populated\">\n\t\t\t\t\t\t<div class=\"elementor-element elementor-element-0dcc88d elementor-widget elementor-widget-text-editor\" data-id=\"0dcc88d\" data-element_type=\"widget\" data-e-type=\"widget\" data-widget_type=\"text-editor.default\">\n\t\t\t\t<div class=\"elementor-widget-container\">\n\t\t\t\t\t\t\t\t\t<p>Er objectiu d\u2019aguest programa ei incubar es proj\u00e8ctes innovadors emergents damb viabilitat economica comprovada, ent\u00e0 amiar a t\u00e8rme era sua implantacion en mercat. Aguest programa a ua durada de dotze mesi, damb possibilitat d\u2019ampliacion se era superviuen\u00e7a deth proj\u00e8cte depen d\u2019a\u00e7\u00f2 e se non compromet ara viabilitat per manca d\u2019assessorament a auti proj\u00e8ctes innovadors. Era extension deth termini ser\u00e0 decidida peth comit\u00e8 directiu deth Hub. Es servicis prepausat ser\u00e0n:<\/p>\n<ul>\n<li>Assessorament ent\u00e0 art\u00e9nher hons basics (inversion\/pr\u00e8st)<\/li>\n<li>Acc\u00e8s a un locau economic ent\u00e0 empr\u00e9ner<\/li>\n<li>Facilitacion d&rsquo;acc\u00e8s a assessories<\/li>\n<li>Acc\u00e8s ara comunautat d&#8217;empresaris e activitats de collaboracion<\/li>\n<li>Formacion en emprenedoria, marqueting, vendes, naues tecnologies, etc.<\/li>\n<li>Activitats de networking<\/li>\n<li>Se se compr\u00f2ve era viabilitat economica deth proj\u00e8cte, se passe ara seg\u00fcenta fase de consolidacion.<\/li>\n<\/ul>\n\t\t\t\t\t\t\t\t<\/div>\n\t\t\t\t<\/div>\n\t\t\t\t\t<\/div>\n\t\t<\/div>\n\t\t\t\t\t<\/div>\n\t\t<\/section>\n\t\t\t\t<section class=\"has_eae_slider elementor-section elementor-top-section elementor-element elementor-element-fa88f71 elementor-section-content-middle elementor-section-boxed elementor-section-height-default elementor-section-height-default\" data-eae-slider=\"41929\" data-id=\"fa88f71\" data-element_type=\"section\" data-e-type=\"section\">\n\t\t\t\t\t\t<div class=\"elementor-container elementor-column-gap-default\">\n\t\t\t\t\t<div class=\"has_eae_slider elementor-column elementor-col-100 elementor-top-column elementor-element elementor-element-0431403\" data-eae-slider=\"48064\" data-id=\"0431403\" data-element_type=\"column\" data-e-type=\"column\">\n\t\t\t<div class=\"elementor-widget-wrap elementor-element-populated\">\n\t\t\t\t\t\t<div class=\"elementor-element elementor-element-934c688 elementor-widget elementor-widget-text-editor\" data-id=\"934c688\" data-element_type=\"widget\" data-e-type=\"widget\" data-widget_type=\"text-editor.default\">\n\t\t\t\t<div class=\"elementor-widget-container\">\n\t\t\t\t\t\t\t\t\t<p><a href=\"https:\/\/www.hepic-hub.org\/oc\/servicis-e-programes\/\">&lt; Tornar t\u00e0 servicis e programes<\/a><\/p>\n\t\t\t\t\t\t\t\t<\/div>\n\t\t\t\t<\/div>\n\t\t\t\t\t<\/div>\n\t\t<\/div>\n\t\t\t\t\t<\/div>\n\t\t<\/section>\n\t\t\t\t<\/div>\n\t\t","protected":false},"excerpt":{"rendered":"<p>H\u00e8INCUBA Er objectiu d\u2019aguest programa ei incubar es proj\u00e8ctes innovadors emergents damb viabilitat economica comprovada, ent\u00e0 amiar a t\u00e8rme era sua implantacion en mercat. Aguest programa a ua durada de&#8230;<\/p>\n","protected":false},"author":6,"featured_media":1183,"parent":1129,"menu_order":3,"comment_status":"closed","ping_status":"closed","template":"elementor_header_footer","meta":{"inline_featured_image":false,"footnotes":""},"class_list":["post-1181","page","type-page","status-publish","has-post-thumbnail","hentry"],"_links":{"self":[{"href":"https:\/\/www.hepic-hub.org\/oc\/wp-json\/wp\/v2\/pages\/1181","targetHints":{"allow":["GET"]}}],"collection":[{"href":"https:\/\/www.hepic-hub.org\/oc\/wp-json\/wp\/v2\/pages"}],"about":[{"href":"https:\/\/www.hepic-hub.org\/oc\/wp-json\/wp\/v2\/types\/page"}],"author":[{"embeddable":true,"href":"https:\/\/www.hepic-hub.org\/oc\/wp-json\/wp\/v2\/users\/6"}],"replies":[{"embeddable":true,"href":"https:\/\/www.hepic-hub.org\/oc\/wp-json\/wp\/v2\/comments?post=1181"}],"version-history":[{"count":1,"href":"https:\/\/www.hepic-hub.org\/oc\/wp-json\/wp\/v2\/pages\/1181\/revisions"}],"predecessor-version":[{"id":1182,"href":"https:\/\/www.hepic-hub.org\/oc\/wp-json\/wp\/v2\/pages\/1181\/revisions\/1182"}],"up":[{"embeddable":true,"href":"https:\/\/www.hepic-hub.org\/oc\/wp-json\/wp\/v2\/pages\/1129"}],"wp:featuredmedia":[{"embeddable":true,"href":"https:\/\/www.hepic-hub.org\/oc\/wp-json\/wp\/v2\/media\/1183"}],"wp:attachment":[{"href":"https:\/\/www.hepic-hub.org\/oc\/wp-json\/wp\/v2\/media?parent=1181"}],"curies":[{"name":"wp","href":"https:\/\/api.w.org\/{rel}","templated":true}]}}