{"id":1115,"date":"2021-06-15T08:50:42","date_gmt":"2021-06-15T08:50:42","guid":{"rendered":"https:\/\/www.hepic-hub.org\/coworking\/"},"modified":"2023-10-03T12:17:15","modified_gmt":"2023-10-03T10:17:15","slug":"coworking","status":"publish","type":"page","link":"https:\/\/www.hepic-hub.org\/oc\/coworking\/","title":{"rendered":"Coworking"},"content":{"rendered":"\t\t<div data-elementor-type=\"wp-page\" data-elementor-id=\"1115\" class=\"elementor elementor-1115 elementor-519\" data-elementor-post-type=\"page\">\n\t\t\t\t\n\t<script type=\"text\/javascript\">\n\t\t\n\t\tjQuery(document).ready(function ($) {\n\t\t\tvar elementSelector = \".elementor-element-367c568[data-eae-slider=60333]\";\n\t\t\tvar $element = jQuery(elementSelector);\n\n\t\t\t\/\/ Adding the HTML structure\n\t\t\t$element.prepend('<div class=\"eae-section-bs\"><div class=\"eae-section-bs-inner\"><\/div><\/div>');\n\n\t\t\t\/\/ Initialize vegas background slider\n\t\t\t$element.children('.eae-section-bs').children('.eae-section-bs-inner').vegas({\n\t\t\t\tslides: [{\"src\":\"https:\\\/\\\/www.hepic-hub.org\\\/wp-content\\\/uploads\\\/2022\\\/10\\\/IMG_0365-1-scaled.jpg\"},{\"src\":\"https:\\\/\\\/www.hepic-hub.org\\\/wp-content\\\/uploads\\\/2022\\\/10\\\/IMG_0410-scaled.jpg\"},{\"src\":\"https:\\\/\\\/www.hepic-hub.org\\\/wp-content\\\/uploads\\\/2022\\\/10\\\/IMG_0378-scaled.jpg\"},{\"src\":\"https:\\\/\\\/www.hepic-hub.org\\\/wp-content\\\/uploads\\\/2022\\\/10\\\/IMG_0388-scaled.jpg\"}],\n\t\t\t\ttransition: 'slideRight',\n\t\t\t\tanimation: '',\n\t\t\t\toverlay: 'https:\/\/www.hepic-hub.org\/wp-content\/plugins\/addon-elements-for-elementor-page-builder\/\/assets\/lib\/vegas\/overlays\/01.png',\n\t\t\t\tcover: true,\n\t\t\t\tdelay: 3000,\n\t\t\t\ttimer: true\t\t\t});\n\t\t\t\n\n\t\t\t\/\/ Clear the overlay if custom overlay switcher is set to 'yes'\n\t\t\tif ('' === 'yes') {\n\t\t\t\t$element.find('.vegas-overlay').css('background-image', '');\n\t\t\t}\n\t\t});\n\t<\/script>\n\t\t\t\t<section class=\"has_eae_slider elementor-section elementor-top-section elementor-element elementor-element-367c568 elementor-section-full_width elementor-section-height-default elementor-section-height-default\" data-eae-slider=\"60333\" data-id=\"367c568\" data-element_type=\"section\" data-e-type=\"section\" data-settings=\"{&quot;background_background&quot;:&quot;classic&quot;}\">\n\t\t\t\t\t\t\t<div class=\"elementor-background-overlay\"><\/div>\n\t\t\t\t\t\t\t<div class=\"elementor-container elementor-column-gap-default\">\n\t\t\t\t\t<div class=\"has_eae_slider elementor-column elementor-col-100 elementor-top-column elementor-element elementor-element-d33fa8f\" data-eae-slider=\"53302\" data-id=\"d33fa8f\" data-element_type=\"column\" data-e-type=\"column\">\n\t\t\t<div class=\"elementor-widget-wrap elementor-element-populated\">\n\t\t\t\t\t\t<div class=\"elementor-element elementor-element-5ec4895 elementor-widget elementor-widget-theme-post-title elementor-page-title elementor-widget-heading\" data-id=\"5ec4895\" data-element_type=\"widget\" data-e-type=\"widget\" data-widget_type=\"theme-post-title.default\">\n\t\t\t\t<div class=\"elementor-widget-container\">\n\t\t\t\t\t<h1 class=\"elementor-heading-title elementor-size-default\">Coworking<\/h1>\t\t\t\t<\/div>\n\t\t\t\t<\/div>\n\t\t\t\t\t<\/div>\n\t\t<\/div>\n\t\t\t\t\t<\/div>\n\t\t<\/section>\n\t\t\t\t<section class=\"has_eae_slider elementor-section elementor-top-section elementor-element elementor-element-8259742 elementor-section-full_width elementor-section-height-default elementor-section-height-default\" data-eae-slider=\"53412\" data-id=\"8259742\" data-element_type=\"section\" data-e-type=\"section\">\n\t\t\t\t\t\t<div class=\"elementor-container elementor-column-gap-default\">\n\t\t\t\t\t<div class=\"has_eae_slider elementor-column elementor-col-50 elementor-top-column elementor-element elementor-element-68ec3a3\" data-eae-slider=\"68036\" data-id=\"68ec3a3\" data-element_type=\"column\" data-e-type=\"column\">\n\t\t\t<div class=\"elementor-widget-wrap elementor-element-populated\">\n\t\t\t\t\t\t<div class=\"elementor-element elementor-element-87ae088 elementor-widget elementor-widget-image\" data-id=\"87ae088\" data-element_type=\"widget\" data-e-type=\"widget\" data-widget_type=\"image.default\">\n\t\t\t\t<div class=\"elementor-widget-container\">\n\t\t\t\t\t\t\t\t\t\t\t\t\t\t\t<img fetchpriority=\"high\" decoding=\"async\" width=\"580\" height=\"387\" src=\"https:\/\/www.hepic-hub.org\/wp-content\/uploads\/2022\/10\/IMG_0380-1024x683.jpg\" class=\"attachment-large size-large wp-image-2102\" alt=\"\" srcset=\"https:\/\/www.hepic-hub.org\/wp-content\/uploads\/2022\/10\/IMG_0380-1024x683.jpg 1024w, https:\/\/www.hepic-hub.org\/wp-content\/uploads\/2022\/10\/IMG_0380-300x200.jpg 300w, https:\/\/www.hepic-hub.org\/wp-content\/uploads\/2022\/10\/IMG_0380-768x512.jpg 768w, https:\/\/www.hepic-hub.org\/wp-content\/uploads\/2022\/10\/IMG_0380-1536x1024.jpg 1536w, https:\/\/www.hepic-hub.org\/wp-content\/uploads\/2022\/10\/IMG_0380-2048x1365.jpg 2048w, https:\/\/www.hepic-hub.org\/wp-content\/uploads\/2022\/10\/IMG_0380-1200x800.jpg 1200w, https:\/\/www.hepic-hub.org\/wp-content\/uploads\/2022\/10\/IMG_0380-1980x1320.jpg 1980w\" sizes=\"(max-width: 580px) 100vw, 580px\" \/>\t\t\t\t\t\t\t\t\t\t\t\t\t\t\t<\/div>\n\t\t\t\t<\/div>\n\t\t\t\t\t<\/div>\n\t\t<\/div>\n\t\t\t\t<div class=\"has_eae_slider elementor-column elementor-col-50 elementor-top-column elementor-element elementor-element-51da2be\" data-eae-slider=\"35782\" data-id=\"51da2be\" data-element_type=\"column\" data-e-type=\"column\">\n\t\t\t<div class=\"elementor-widget-wrap elementor-element-populated\">\n\t\t\t\t\t\t<div class=\"elementor-element elementor-element-a265599 elementor-widget elementor-widget-text-editor\" data-id=\"a265599\" data-element_type=\"widget\" data-e-type=\"widget\" data-widget_type=\"text-editor.default\">\n\t\t\t\t<div class=\"elementor-widget-container\">\n\t\t\t\t\t\t\t\t\t<p>Reinventa era tua forma e l\u00f2c de trebalh e descorb\u00eds era valor de forma part dera Comunautat H\u00e8Pic. Es n\u00f2sti espacis de trebalh compartit son flexibles, dinamics, innovadors e favorissen era creativitat e era collaboracion entre es professionaus que formen part d\u2019aguesta comunautat.<\/p>\n\t\t\t\t\t\t\t\t<\/div>\n\t\t\t\t<\/div>\n\t\t\t\t<div class=\"elementor-element elementor-element-4cd890d elementor-widget elementor-widget-text-editor\" data-id=\"4cd890d\" data-element_type=\"widget\" data-e-type=\"widget\" data-widget_type=\"text-editor.default\">\n\t\t\t\t<div class=\"elementor-widget-container\">\n\t\t\t\t\t\t\t\t\t<p>En n\u00f2stre coworking compdam damb:<\/p>\n<ul>\n<li>Ua sala d&rsquo;espaci compartit ent\u00e0 16 persones<\/li>\n<li>2 sales de reunions<\/li>\n<li>sala de formacion \/ eveniments<\/li>\n<li>1 office<\/li>\n<li>1 banh<\/li>\n<\/ul>\n\t\t\t\t\t\t\t\t<\/div>\n\t\t\t\t<\/div>\n\t\t\t\t\t<\/div>\n\t\t<\/div>\n\t\t\t\t\t<\/div>\n\t\t<\/section>\n\t\t\t\t<section class=\"has_eae_slider elementor-section elementor-top-section elementor-element elementor-element-d47b498 elementor-section-full_width elementor-section-height-default elementor-section-height-default\" data-eae-slider=\"60298\" data-id=\"d47b498\" data-element_type=\"section\" data-e-type=\"section\">\n\t\t\t\t\t\t<div class=\"elementor-container elementor-column-gap-default\">\n\t\t\t\t\t<div class=\"has_eae_slider elementor-column elementor-col-50 elementor-top-column elementor-element elementor-element-220d233\" data-eae-slider=\"75451\" data-id=\"220d233\" data-element_type=\"column\" data-e-type=\"column\">\n\t\t\t<div class=\"elementor-widget-wrap elementor-element-populated\">\n\t\t\t\t\t\t<div class=\"elementor-element elementor-element-4ecf217 elementor-widget elementor-widget-image\" data-id=\"4ecf217\" data-element_type=\"widget\" data-e-type=\"widget\" data-widget_type=\"image.default\">\n\t\t\t\t<div class=\"elementor-widget-container\">\n\t\t\t\t\t\t\t\t\t\t\t\t\t\t\t<img fetchpriority=\"high\" decoding=\"async\" width=\"580\" height=\"387\" src=\"https:\/\/www.hepic-hub.org\/wp-content\/uploads\/2022\/10\/IMG_0380-1024x683.jpg\" class=\"attachment-large size-large wp-image-2102\" alt=\"\" srcset=\"https:\/\/www.hepic-hub.org\/wp-content\/uploads\/2022\/10\/IMG_0380-1024x683.jpg 1024w, https:\/\/www.hepic-hub.org\/wp-content\/uploads\/2022\/10\/IMG_0380-300x200.jpg 300w, https:\/\/www.hepic-hub.org\/wp-content\/uploads\/2022\/10\/IMG_0380-768x512.jpg 768w, https:\/\/www.hepic-hub.org\/wp-content\/uploads\/2022\/10\/IMG_0380-1536x1024.jpg 1536w, https:\/\/www.hepic-hub.org\/wp-content\/uploads\/2022\/10\/IMG_0380-2048x1365.jpg 2048w, https:\/\/www.hepic-hub.org\/wp-content\/uploads\/2022\/10\/IMG_0380-1200x800.jpg 1200w, https:\/\/www.hepic-hub.org\/wp-content\/uploads\/2022\/10\/IMG_0380-1980x1320.jpg 1980w\" sizes=\"(max-width: 580px) 100vw, 580px\" \/>\t\t\t\t\t\t\t\t\t\t\t\t\t\t\t<\/div>\n\t\t\t\t<\/div>\n\t\t\t\t<div class=\"elementor-element elementor-element-d32eb19 elementor-widget elementor-widget-text-editor\" data-id=\"d32eb19\" data-element_type=\"widget\" data-e-type=\"widget\" data-widget_type=\"text-editor.default\">\n\t\t\t\t<div class=\"elementor-widget-container\">\n\t\t\t\t\t\t\t\t\t<p><b>Vos trebalhar en aguest ambient collaboratiu?<\/b><\/p><p>Ent\u00e0 h\u00e8r-lo as de presentar en Registre Generau deth Conselh Generau d&rsquo;Aran era <i>Sollicitud ent\u00e0 accedir ena comunitat H\u00e8pic<\/i> e acceptar eth <i>Reglament de H\u00e8pic coworking<\/i>.\u00a0<\/p><p>\u00a0<\/p><p style=\"text-align: center;\"><span style=\"font-size: inherit; text-align: center; color: var( --e-global-color-text ); font-family: var( --e-global-typography-text-font-family ), Sans-serif; font-weight: var( --e-global-typography-text-font-weight ); letter-spacing: -0.015em;\">Ac\u00ed pos descargar-les:<\/span><\/p>\t\t\t\t\t\t\t\t<\/div>\n\t\t\t\t<\/div>\n\t\t\t\t<div class=\"elementor-element elementor-element-84104c6 elementor-align-center elementor-widget elementor-widget-button\" data-id=\"84104c6\" data-element_type=\"widget\" data-e-type=\"widget\" data-widget_type=\"button.default\">\n\t\t\t\t<div class=\"elementor-widget-container\">\n\t\t\t\t\t\t\t\t\t<div class=\"elementor-button-wrapper\">\n\t\t\t\t\t<a class=\"elementor-button elementor-button-link elementor-size-md\" href=\"https:\/\/www.hepic-hub.org\/wp-content\/uploads\/2022\/06\/3_Reglamento-de-HePic-coworking-1.pdf\" target=\"_blank\">\n\t\t\t\t\t\t<span class=\"elementor-button-content-wrapper\">\n\t\t\t\t\t\t<span class=\"elementor-button-icon\">\n\t\t\t\t<i aria-hidden=\"true\" class=\"far fa-file-alt\"><\/i>\t\t\t<\/span>\n\t\t\t\t\t\t\t\t\t<span class=\"elementor-button-text\">Reglament<\/span>\n\t\t\t\t\t<\/span>\n\t\t\t\t\t<\/a>\n\t\t\t\t<\/div>\n\t\t\t\t\t\t\t\t<\/div>\n\t\t\t\t<\/div>\n\t\t\t\t<div class=\"elementor-element elementor-element-616513d elementor-align-center elementor-widget elementor-widget-button\" data-id=\"616513d\" data-element_type=\"widget\" data-e-type=\"widget\" data-widget_type=\"button.default\">\n\t\t\t\t<div class=\"elementor-widget-container\">\n\t\t\t\t\t\t\t\t\t<div class=\"elementor-button-wrapper\">\n\t\t\t\t\t<a class=\"elementor-button elementor-button-link elementor-size-md\" href=\"https:\/\/www.hepic-hub.org\/wp-content\/uploads\/2022\/06\/2_-SOLICITUD-PARA-ACCEDER-A-LA-COMUNIDAD-HEPIC-1.docx\" target=\"_blank\">\n\t\t\t\t\t\t<span class=\"elementor-button-content-wrapper\">\n\t\t\t\t\t\t<span class=\"elementor-button-icon\">\n\t\t\t\t<i aria-hidden=\"true\" class=\"far fa-file-alt\"><\/i>\t\t\t<\/span>\n\t\t\t\t\t\t\t\t\t<span class=\"elementor-button-text\">Sollicitud<\/span>\n\t\t\t\t\t<\/span>\n\t\t\t\t\t<\/a>\n\t\t\t\t<\/div>\n\t\t\t\t\t\t\t\t<\/div>\n\t\t\t\t<\/div>\n\t\t\t\t<div class=\"elementor-element elementor-element-8f42031 elementor-widget elementor-widget-text-editor\" data-id=\"8f42031\" data-element_type=\"widget\" data-e-type=\"widget\" data-widget_type=\"text-editor.default\">\n\t\t\t\t<div class=\"elementor-widget-container\">\n\t\t\t\t\t\t\t\t\t<p style=\"text-align: center;\">Tanben p\u00f2s descargar es <i>Q\u00fcestions Freq\u00fcentes<\/i> o contactar-mos ent\u00e0 obtier m\u00e8s informacion.<\/p>\t\t\t\t\t\t\t\t<\/div>\n\t\t\t\t<\/div>\n\t\t\t\t<div class=\"elementor-element elementor-element-d398743 elementor-align-center elementor-widget elementor-widget-button\" data-id=\"d398743\" data-element_type=\"widget\" data-e-type=\"widget\" data-widget_type=\"button.default\">\n\t\t\t\t<div class=\"elementor-widget-container\">\n\t\t\t\t\t\t\t\t\t<div class=\"elementor-button-wrapper\">\n\t\t\t\t\t<a class=\"elementor-button elementor-button-link elementor-size-md\" href=\"https:\/\/www.hepic-hub.org\/wp-content\/uploads\/2022\/06\/5_FAQs-Coworking-HEPIC-3.pdf\" target=\"_blank\">\n\t\t\t\t\t\t<span class=\"elementor-button-content-wrapper\">\n\t\t\t\t\t\t<span class=\"elementor-button-icon\">\n\t\t\t\t<i aria-hidden=\"true\" class=\"far fa-file-alt\"><\/i>\t\t\t<\/span>\n\t\t\t\t\t\t\t\t\t<span class=\"elementor-button-text\">FAQs<\/span>\n\t\t\t\t\t<\/span>\n\t\t\t\t\t<\/a>\n\t\t\t\t<\/div>\n\t\t\t\t\t\t\t\t<\/div>\n\t\t\t\t<\/div>\n\t\t\t\t\t<\/div>\n\t\t<\/div>\n\t\t\t\t<div class=\"has_eae_slider elementor-column elementor-col-50 elementor-top-column elementor-element elementor-element-7fbef02\" data-eae-slider=\"75965\" data-id=\"7fbef02\" data-element_type=\"column\" data-e-type=\"column\">\n\t\t\t<div class=\"elementor-widget-wrap elementor-element-populated\">\n\t\t\t\t\t\t<div class=\"elementor-element elementor-element-afa71f3 elementor-widget elementor-widget-text-editor\" data-id=\"afa71f3\" data-element_type=\"widget\" data-e-type=\"widget\" data-widget_type=\"text-editor.default\">\n\t\t\t\t<div class=\"elementor-widget-container\">\n\t\t\t\t\t\t\t\t\t<p>Reinventa era tua forma e l\u00f2c de trebalh e descorb\u00eds era valor de forma part dera Comunautat H\u00e8Pic. Es n\u00f2sti espacis de trebalh compartit son flexibles, dinamics, innovadors e favorissen era creativitat e era collaboracion entre es professionaus que formen part d\u2019aguesta comunautat.<\/p>\n\t\t\t\t\t\t\t\t<\/div>\n\t\t\t\t<\/div>\n\t\t\t\t<div class=\"elementor-element elementor-element-5d9d391 elementor-widget elementor-widget-text-editor\" data-id=\"5d9d391\" data-element_type=\"widget\" data-e-type=\"widget\" data-widget_type=\"text-editor.default\">\n\t\t\t\t<div class=\"elementor-widget-container\">\n\t\t\t\t\t\t\t\t\t<p>En n\u00f2stre coworking compdam damb:<\/p>\n<ul>\n<li>Ua sala d&rsquo;espaci compartit ent\u00e0 16 persones<\/li>\n<li>2 sales de reunions<\/li>\n<li>sala de formacion \/ eveniments<\/li>\n<li>1 office<\/li>\n<li>1 banh<\/li>\n<\/ul>\n\t\t\t\t\t\t\t\t<\/div>\n\t\t\t\t<\/div>\n\t\t\t\t<div class=\"elementor-element elementor-element-9384b9b elementor-widget elementor-widget-gallery\" data-id=\"9384b9b\" data-element_type=\"widget\" data-e-type=\"widget\" data-settings=\"{&quot;columns&quot;:2,&quot;lazyload&quot;:&quot;yes&quot;,&quot;gallery_layout&quot;:&quot;grid&quot;,&quot;columns_tablet&quot;:2,&quot;columns_mobile&quot;:1,&quot;gap&quot;:{&quot;unit&quot;:&quot;px&quot;,&quot;size&quot;:10,&quot;sizes&quot;:[]},&quot;gap_tablet&quot;:{&quot;unit&quot;:&quot;px&quot;,&quot;size&quot;:10,&quot;sizes&quot;:[]},&quot;gap_mobile&quot;:{&quot;unit&quot;:&quot;px&quot;,&quot;size&quot;:10,&quot;sizes&quot;:[]},&quot;link_to&quot;:&quot;file&quot;,&quot;aspect_ratio&quot;:&quot;3:2&quot;,&quot;overlay_background&quot;:&quot;yes&quot;,&quot;content_hover_animation&quot;:&quot;fade-in&quot;}\" data-widget_type=\"gallery.default\">\n\t\t\t\t<div class=\"elementor-widget-container\">\n\t\t\t\t\t\t\t<div class=\"elementor-gallery__container\">\n\t\t\t\t\t\t\t<a class=\"e-gallery-item elementor-gallery-item elementor-animated-content\" href=\"https:\/\/www.hepic-hub.org\/wp-content\/uploads\/2022\/10\/IMG_0378-scaled.jpg\" data-elementor-open-lightbox=\"yes\" data-elementor-lightbox-slideshow=\"9384b9b\" data-elementor-lightbox-title=\"IMG_0378\" data-e-action-hash=\"#elementor-action%3Aaction%3Dlightbox%26settings%3DeyJpZCI6MjA5OSwidXJsIjoiaHR0cHM6XC9cL3d3dy5oZXBpYy1odWIub3JnXC93cC1jb250ZW50XC91cGxvYWRzXC8yMDIyXC8xMFwvSU1HXzAzNzgtc2NhbGVkLmpwZyIsInNsaWRlc2hvdyI6IjkzODRiOWIifQ%3D%3D\">\n\t\t\t\t\t<div class=\"e-gallery-image elementor-gallery-item__image\" data-thumbnail=\"https:\/\/www.hepic-hub.org\/wp-content\/uploads\/2022\/10\/IMG_0378-300x200.jpg\" data-width=\"300\" data-height=\"200\" aria-label=\"\" role=\"img\" ><\/div>\n\t\t\t\t\t\t\t\t\t\t\t<div class=\"elementor-gallery-item__overlay\"><\/div>\n\t\t\t\t\t\t\t\t\t\t\t\t\t\t<\/a>\n\t\t\t\t\t\t\t<a class=\"e-gallery-item elementor-gallery-item elementor-animated-content\" href=\"https:\/\/www.hepic-hub.org\/wp-content\/uploads\/2022\/10\/IMG_0393-scaled.jpg\" data-elementor-open-lightbox=\"yes\" data-elementor-lightbox-slideshow=\"9384b9b\" data-elementor-lightbox-title=\"IMG_0393\" data-e-action-hash=\"#elementor-action%3Aaction%3Dlightbox%26settings%3DeyJpZCI6MjEwOCwidXJsIjoiaHR0cHM6XC9cL3d3dy5oZXBpYy1odWIub3JnXC93cC1jb250ZW50XC91cGxvYWRzXC8yMDIyXC8xMFwvSU1HXzAzOTMtc2NhbGVkLmpwZyIsInNsaWRlc2hvdyI6IjkzODRiOWIifQ%3D%3D\">\n\t\t\t\t\t<div class=\"e-gallery-image elementor-gallery-item__image\" data-thumbnail=\"https:\/\/www.hepic-hub.org\/wp-content\/uploads\/2022\/10\/IMG_0393-300x200.jpg\" data-width=\"300\" data-height=\"200\" aria-label=\"\" role=\"img\" ><\/div>\n\t\t\t\t\t\t\t\t\t\t\t<div class=\"elementor-gallery-item__overlay\"><\/div>\n\t\t\t\t\t\t\t\t\t\t\t\t\t\t<\/a>\n\t\t\t\t\t\t\t<a class=\"e-gallery-item elementor-gallery-item elementor-animated-content\" href=\"https:\/\/www.hepic-hub.org\/wp-content\/uploads\/2022\/10\/IMG_0413-scaled.jpg\" data-elementor-open-lightbox=\"yes\" data-elementor-lightbox-slideshow=\"9384b9b\" data-elementor-lightbox-title=\"IMG_0413\" data-e-action-hash=\"#elementor-action%3Aaction%3Dlightbox%26settings%3DeyJpZCI6MjEyMCwidXJsIjoiaHR0cHM6XC9cL3d3dy5oZXBpYy1odWIub3JnXC93cC1jb250ZW50XC91cGxvYWRzXC8yMDIyXC8xMFwvSU1HXzA0MTMtc2NhbGVkLmpwZyIsInNsaWRlc2hvdyI6IjkzODRiOWIifQ%3D%3D\">\n\t\t\t\t\t<div class=\"e-gallery-image elementor-gallery-item__image\" data-thumbnail=\"https:\/\/www.hepic-hub.org\/wp-content\/uploads\/2022\/10\/IMG_0413-300x200.jpg\" data-width=\"300\" data-height=\"200\" aria-label=\"\" role=\"img\" ><\/div>\n\t\t\t\t\t\t\t\t\t\t\t<div class=\"elementor-gallery-item__overlay\"><\/div>\n\t\t\t\t\t\t\t\t\t\t\t\t\t\t<\/a>\n\t\t\t\t\t\t\t<a class=\"e-gallery-item elementor-gallery-item elementor-animated-content\" href=\"https:\/\/www.hepic-hub.org\/wp-content\/uploads\/2022\/10\/IMG_0410-scaled.jpg\" data-elementor-open-lightbox=\"yes\" data-elementor-lightbox-slideshow=\"9384b9b\" data-elementor-lightbox-title=\"IMG_0410\" data-e-action-hash=\"#elementor-action%3Aaction%3Dlightbox%26settings%3DeyJpZCI6MjExNCwidXJsIjoiaHR0cHM6XC9cL3d3dy5oZXBpYy1odWIub3JnXC93cC1jb250ZW50XC91cGxvYWRzXC8yMDIyXC8xMFwvSU1HXzA0MTAtc2NhbGVkLmpwZyIsInNsaWRlc2hvdyI6IjkzODRiOWIifQ%3D%3D\">\n\t\t\t\t\t<div class=\"e-gallery-image elementor-gallery-item__image\" data-thumbnail=\"https:\/\/www.hepic-hub.org\/wp-content\/uploads\/2022\/10\/IMG_0410-300x200.jpg\" data-width=\"300\" data-height=\"200\" aria-label=\"\" role=\"img\" ><\/div>\n\t\t\t\t\t\t\t\t\t\t\t<div class=\"elementor-gallery-item__overlay\"><\/div>\n\t\t\t\t\t\t\t\t\t\t\t\t\t\t<\/a>\n\t\t\t\t\t\t\t<a class=\"e-gallery-item elementor-gallery-item elementor-animated-content\" href=\"https:\/\/www.hepic-hub.org\/wp-content\/uploads\/2022\/10\/IMG_0365-1-scaled.jpg\" data-elementor-open-lightbox=\"yes\" data-elementor-lightbox-slideshow=\"9384b9b\" data-elementor-lightbox-title=\"IMG_0365\" data-e-action-hash=\"#elementor-action%3Aaction%3Dlightbox%26settings%3DeyJpZCI6MjEyMywidXJsIjoiaHR0cHM6XC9cL3d3dy5oZXBpYy1odWIub3JnXC93cC1jb250ZW50XC91cGxvYWRzXC8yMDIyXC8xMFwvSU1HXzAzNjUtMS1zY2FsZWQuanBnIiwic2xpZGVzaG93IjoiOTM4NGI5YiJ9\">\n\t\t\t\t\t<div class=\"e-gallery-image elementor-gallery-item__image\" data-thumbnail=\"https:\/\/www.hepic-hub.org\/wp-content\/uploads\/2022\/10\/IMG_0365-1-300x200.jpg\" data-width=\"300\" data-height=\"200\" aria-label=\"\" role=\"img\" ><\/div>\n\t\t\t\t\t\t\t\t\t\t\t<div class=\"elementor-gallery-item__overlay\"><\/div>\n\t\t\t\t\t\t\t\t\t\t\t\t\t\t<\/a>\n\t\t\t\t\t\t\t<a class=\"e-gallery-item elementor-gallery-item elementor-animated-content\" href=\"https:\/\/www.hepic-hub.org\/wp-content\/uploads\/2022\/10\/IMG_0388-scaled.jpg\" data-elementor-open-lightbox=\"yes\" data-elementor-lightbox-slideshow=\"9384b9b\" data-elementor-lightbox-title=\"IMG_0388\" data-e-action-hash=\"#elementor-action%3Aaction%3Dlightbox%26settings%3DeyJpZCI6MjEwNSwidXJsIjoiaHR0cHM6XC9cL3d3dy5oZXBpYy1odWIub3JnXC93cC1jb250ZW50XC91cGxvYWRzXC8yMDIyXC8xMFwvSU1HXzAzODgtc2NhbGVkLmpwZyIsInNsaWRlc2hvdyI6IjkzODRiOWIifQ%3D%3D\">\n\t\t\t\t\t<div class=\"e-gallery-image elementor-gallery-item__image\" data-thumbnail=\"https:\/\/www.hepic-hub.org\/wp-content\/uploads\/2022\/10\/IMG_0388-300x200.jpg\" data-width=\"300\" data-height=\"200\" aria-label=\"\" role=\"img\" ><\/div>\n\t\t\t\t\t\t\t\t\t\t\t<div class=\"elementor-gallery-item__overlay\"><\/div>\n\t\t\t\t\t\t\t\t\t\t\t\t\t\t<\/a>\n\t\t\t\t\t<\/div>\n\t\t\t\t\t<\/div>\n\t\t\t\t<\/div>\n\t\t\t\t\t<\/div>\n\t\t<\/div>\n\t\t\t\t\t<\/div>\n\t\t<\/section>\n\t\t\t\t<\/div>\n\t\t","protected":false},"excerpt":{"rendered":"<p>Reinventa era tua forma e l\u00f2c de trebalh e descorb\u00eds era valor de forma part dera Comunautat H\u00e8Pic. Es n\u00f2sti espacis de trebalh compartit son flexibles, dinamics, innovadors e favorissen&#8230;<\/p>\n","protected":false},"author":6,"featured_media":1117,"parent":0,"menu_order":0,"comment_status":"closed","ping_status":"closed","template":"elementor_header_footer","meta":{"inline_featured_image":false,"footnotes":""},"class_list":["post-1115","page","type-page","status-publish","has-post-thumbnail","hentry"],"_links":{"self":[{"href":"https:\/\/www.hepic-hub.org\/oc\/wp-json\/wp\/v2\/pages\/1115","targetHints":{"allow":["GET"]}}],"collection":[{"href":"https:\/\/www.hepic-hub.org\/oc\/wp-json\/wp\/v2\/pages"}],"about":[{"href":"https:\/\/www.hepic-hub.org\/oc\/wp-json\/wp\/v2\/types\/page"}],"author":[{"embeddable":true,"href":"https:\/\/www.hepic-hub.org\/oc\/wp-json\/wp\/v2\/users\/6"}],"replies":[{"embeddable":true,"href":"https:\/\/www.hepic-hub.org\/oc\/wp-json\/wp\/v2\/comments?post=1115"}],"version-history":[{"count":16,"href":"https:\/\/www.hepic-hub.org\/oc\/wp-json\/wp\/v2\/pages\/1115\/revisions"}],"predecessor-version":[{"id":2813,"href":"https:\/\/www.hepic-hub.org\/oc\/wp-json\/wp\/v2\/pages\/1115\/revisions\/2813"}],"wp:featuredmedia":[{"embeddable":true,"href":"https:\/\/www.hepic-hub.org\/oc\/wp-json\/wp\/v2\/media\/1117"}],"wp:attachment":[{"href":"https:\/\/www.hepic-hub.org\/oc\/wp-json\/wp\/v2\/media?parent=1115"}],"curies":[{"name":"wp","href":"https:\/\/api.w.org\/{rel}","templated":true}]}}