{"id":2320,"date":"2023-01-18T10:12:19","date_gmt":"2023-01-18T09:12:19","guid":{"rendered":"https:\/\/www.hepic-hub.org\/associacio-dinnovacio-en-territoris-de-muntanya\/"},"modified":"2023-02-16T09:59:02","modified_gmt":"2023-02-16T08:59:02","slug":"associacio-dinnovacio-en-territoris-de-muntanya","status":"publish","type":"page","link":"https:\/\/www.hepic-hub.org\/ca\/associacio-dinnovacio-en-territoris-de-muntanya\/","title":{"rendered":"Associaci\u00f3 d&#8217;Innovaci\u00f3 en Territoris de Muntanya"},"content":{"rendered":"\t\t<div data-elementor-type=\"wp-page\" data-elementor-id=\"2320\" class=\"elementor elementor-2320 elementor-2286\" data-elementor-post-type=\"page\">\n\t\t\t\t\t\t<section class=\"has_eae_slider elementor-section elementor-top-section elementor-element elementor-element-bb5103a elementor-section-full_width elementor-section-height-default elementor-section-height-default\" data-eae-slider=\"15944\" data-id=\"bb5103a\" data-element_type=\"section\" data-e-type=\"section\" data-settings=\"{&quot;background_background&quot;:&quot;classic&quot;}\">\n\t\t\t\t\t\t<div class=\"elementor-container elementor-column-gap-default\">\n\t\t\t\t\t<div class=\"has_eae_slider elementor-column elementor-col-100 elementor-top-column elementor-element elementor-element-9c3d9eb\" data-eae-slider=\"8450\" data-id=\"9c3d9eb\" data-element_type=\"column\" data-e-type=\"column\">\n\t\t\t<div class=\"elementor-widget-wrap elementor-element-populated\">\n\t\t\t\t\t\t<div class=\"elementor-element elementor-element-02f800f elementor-widget elementor-widget-theme-post-title elementor-page-title elementor-widget-heading\" data-id=\"02f800f\" data-element_type=\"widget\" data-e-type=\"widget\" data-widget_type=\"theme-post-title.default\">\n\t\t\t\t<div class=\"elementor-widget-container\">\n\t\t\t\t\t<h1 class=\"elementor-heading-title elementor-size-default\">Associaci\u00f3 d&#8217;Innovaci\u00f3 en Territoris de Muntanya<\/h1>\t\t\t\t<\/div>\n\t\t\t\t<\/div>\n\t\t\t\t\t<\/div>\n\t\t<\/div>\n\t\t\t\t\t<\/div>\n\t\t<\/section>\n\t\t\t\t<section class=\"has_eae_slider elementor-section elementor-top-section elementor-element elementor-element-9fb7643 elementor-section-boxed elementor-section-height-default elementor-section-height-default\" data-eae-slider=\"9553\" data-id=\"9fb7643\" data-element_type=\"section\" data-e-type=\"section\">\n\t\t\t\t\t\t<div class=\"elementor-container elementor-column-gap-default\">\n\t\t\t\t\t<div class=\"has_eae_slider elementor-column elementor-col-100 elementor-top-column elementor-element elementor-element-b5224df\" data-eae-slider=\"99283\" data-id=\"b5224df\" data-element_type=\"column\" data-e-type=\"column\">\n\t\t\t<div class=\"elementor-widget-wrap elementor-element-populated\">\n\t\t\t\t\t\t<div class=\"elementor-element elementor-element-39501b9 elementor-widget elementor-widget-text-editor\" data-id=\"39501b9\" data-element_type=\"widget\" data-e-type=\"widget\" data-widget_type=\"text-editor.default\">\n\t\t\t\t<div class=\"elementor-widget-container\">\n\t\t\t\t\t\t\t\t\t<p><strong>Qu\u00e8 \u00e9s l&#8217;Associaci\u00f3 d&#8217;Innovaci\u00f3 en Territoris de Muntanya<\/strong><\/p><p>L\u2019Associaci\u00f3 d\u2019Innovaci\u00f3 en Territoris de Muntanya \u00e9s una agrupaci\u00f3 de tots els agents que volen treballar de manera innovadora per aportar aquesta forma d\u2019actuar a tots els sectors de l\u2019economia. Per aix\u00f2, agrupa empreses de tots els sectors, des del tecnol\u00f2gic i tur\u00edstic fins al comer\u00e7 i l\u2019agropecuari. Tamb\u00e9 inclou als agents d\u2019investigaci\u00f3, estudiants, persones jubilades i altre tipus d\u2019organitzacions.<\/p><p>Des de l\u2019Associaci\u00f3 d\u2019Innovaci\u00f3 en Territoris de Muntanya es pret\u00e9n promoure la innovaci\u00f3. Aquesta es defineix com la metodologia que permet la generaci\u00f3 de noves respostes als reptes actuals. \u00c9s, clarament, una eina transformadora amb la capacitat d\u2019activar i potenciar el talent de l\u2019entorn i ficar en valors tots els actius que posseeix.<\/p><p>Per aix\u00f2, innovar pot ser la creaci\u00f3 de noves coses -productes, serveis-, pot ser la forma com es creen coses que ja existeixen -per exemple, una nova forma de fer un habitatge- i innovar pot ser un canvi positiu en els valors de les organitzacions en ares de millorar la responsabilitat amb la societat i el medi ambient.<\/p><p>Per aquest motiu, la forma de treball de l\u2019Associaci\u00f3 d\u2019Innovaci\u00f3 en Territoris de Muntanya \u00e9s col\u00b7laborativa. L\u2019associaci\u00f3 vol donar suport a empreses i persones emprenedores perqu\u00e8 coneguin noves formes de treballar. Tamb\u00e9 donar suport per a la consecuci\u00f3 de formes de finan\u00e7ament mitjan\u00e7ant subvencions. Per\u00f2 l\u2019associaci\u00f3 tamb\u00e9 treballa per aportar el seu coneixement i ficar-lo a disposici\u00f3 de les administracions p\u00fabliques i influir la innovaci\u00f3 als projectes p\u00fablics.<strong><br><\/strong><\/p><p><strong>Quina \u00e9s la nostra relaci\u00f3 amb H\u00e8Pic?<\/strong><\/p><p>H\u00e8Pic \u00e9s l\u2019ecosistema innovador creat a la Val d\u2019Aran per fomentar, com nosaltres, la innovaci\u00f3. Per aix\u00f2 mateix, H\u00e8Pic es converteix en una eina a disposici\u00f3 dels associats i de tots aquells agents que vulguin innovar i, tamb\u00e9, dur a terme projectes als territoris rurals i de muntanya.<\/p><p>L\u2019Associaci\u00f3 d\u2019Innovaci\u00f3 de Territoris Muntanya s\u2019encarrega de dinamitzar les diferents eines que s\u2019engloben dins d\u2019H\u00e8Pic i que estan destinades al sector privat. Gr\u00e0cies a l\u2019experi\u00e8ncia innovadora i d\u2019emprenedoria dels associats, es pot ficar a disposici\u00f3 de les persones activitats que produeixen un impacte al territori.<\/p><p>\u00c9s per aix\u00f2 que H\u00e8Pic es configura com una col\u00b7laboraci\u00f3 publicoprivada que vol vertebrar la innovaci\u00f3 als pobles.<\/p><p><strong>Vols ser associat?<\/strong><\/p><p>Tots i totes sou benvingudes a l\u2019Associaci\u00f3 d\u2019Innovaci\u00f3 en Territoris de Muntanya. Si vols integrar aquest projecte, pots venir a con\u00e8ixer-nos. Fiquem a la teva disposici\u00f3 els canals de contacte d\u2019H\u00e8Pic perqu\u00e8 puguis fer-nos totes les preguntes que vulguis. Tamb\u00e9 et facilitarem la sol\u00b7licitud perqu\u00e8 puguin integrar l\u2019associaci\u00f3.<\/p><p>Per aix\u00f2, no dubtin a contactar amb nosaltres si el desitges.<\/p>\t\t\t\t\t\t\t\t<\/div>\n\t\t\t\t<\/div>\n\t\t\t\t\t<\/div>\n\t\t<\/div>\n\t\t\t\t\t<\/div>\n\t\t<\/section>\n\t\t\t\t<section class=\"has_eae_slider elementor-section elementor-top-section elementor-element elementor-element-8d4863a elementor-section-boxed elementor-section-height-default elementor-section-height-default\" data-eae-slider=\"48519\" data-id=\"8d4863a\" data-element_type=\"section\" data-e-type=\"section\">\n\t\t\t\t\t\t<div class=\"elementor-container elementor-column-gap-default\">\n\t\t\t\t\t<div class=\"has_eae_slider elementor-column elementor-col-100 elementor-top-column elementor-element elementor-element-b835c03\" data-eae-slider=\"98381\" data-id=\"b835c03\" data-element_type=\"column\" data-e-type=\"column\">\n\t\t\t<div class=\"elementor-widget-wrap elementor-element-populated\">\n\t\t\t\t\t\t<div class=\"elementor-element elementor-element-dae89e0 elementor-widget elementor-widget-heading\" data-id=\"dae89e0\" data-element_type=\"widget\" data-e-type=\"widget\" data-widget_type=\"heading.default\">\n\t\t\t\t<div class=\"elementor-widget-container\">\n\t\t\t\t\t<h2 class=\"elementor-heading-title elementor-size-default\">Els nostres associats:<\/h2>\t\t\t\t<\/div>\n\t\t\t\t<\/div>\n\t\t\t\t<section class=\"has_eae_slider elementor-section elementor-inner-section elementor-element elementor-element-3728b25 elementor-section-boxed elementor-section-height-default elementor-section-height-default\" data-eae-slider=\"25117\" data-id=\"3728b25\" data-element_type=\"section\" data-e-type=\"section\">\n\t\t\t\t\t\t<div class=\"elementor-container elementor-column-gap-default\">\n\t\t\t\t\t<div class=\"has_eae_slider elementor-column elementor-col-33 elementor-inner-column elementor-element elementor-element-fb1d8ca\" data-eae-slider=\"6439\" data-id=\"fb1d8ca\" data-element_type=\"column\" data-e-type=\"column\">\n\t\t\t<div class=\"elementor-widget-wrap elementor-element-populated\">\n\t\t\t\t\t\t<div class=\"elementor-element elementor-element-6695745 elementor-widget elementor-widget-image\" data-id=\"6695745\" data-element_type=\"widget\" data-e-type=\"widget\" data-widget_type=\"image.default\">\n\t\t\t\t<div class=\"elementor-widget-container\">\n\t\t\t\t\t\t\t\t\t\t\t\t\t\t\t\t<a href=\"https:\/\/www.arantec.com\/\">\n\t\t\t\t\t\t\t<img decoding=\"async\" width=\"150\" height=\"150\" src=\"https:\/\/www.hepic-hub.org\/wp-content\/uploads\/2023\/01\/Arantec-150x150.jpg\" class=\"attachment-thumbnail size-thumbnail wp-image-2313\" alt=\"\" srcset=\"https:\/\/www.hepic-hub.org\/wp-content\/uploads\/2023\/01\/Arantec-150x150.jpg 150w, https:\/\/www.hepic-hub.org\/wp-content\/uploads\/2023\/01\/Arantec.jpg 200w\" sizes=\"(max-width: 150px) 100vw, 150px\" \/>\t\t\t\t\t\t\t\t<\/a>\n\t\t\t\t\t\t\t\t\t\t\t\t\t\t\t<\/div>\n\t\t\t\t<\/div>\n\t\t\t\t<div class=\"elementor-element elementor-element-63337cd elementor-widget elementor-widget-image\" data-id=\"63337cd\" data-element_type=\"widget\" data-e-type=\"widget\" data-widget_type=\"image.default\">\n\t\t\t\t<div class=\"elementor-widget-container\">\n\t\t\t\t\t\t\t\t\t\t\t\t\t\t\t\t<a href=\"https:\/\/maladeta.studio\/\">\n\t\t\t\t\t\t\t<img decoding=\"async\" src=\"https:\/\/www.hepic-hub.org\/wp-content\/uploads\/elementor\/thumbs\/Maladeta-rma9lb9kmw421campk8yoqmr8e5y9affp3qia0tb5s.jpg\" title=\"Maladeta\" alt=\"Maladeta\" loading=\"lazy\" \/>\t\t\t\t\t\t\t\t<\/a>\n\t\t\t\t\t\t\t\t\t\t\t\t\t\t\t<\/div>\n\t\t\t\t<\/div>\n\t\t\t\t<div class=\"elementor-element elementor-element-696d323 elementor-widget elementor-widget-image\" data-id=\"696d323\" data-element_type=\"widget\" data-e-type=\"widget\" data-widget_type=\"image.default\">\n\t\t\t\t<div class=\"elementor-widget-container\">\n\t\t\t\t\t\t\t\t\t\t\t\t\t\t\t\t<a href=\"https:\/\/esnepi.es\/\">\n\t\t\t\t\t\t\t<img decoding=\"async\" width=\"300\" height=\"113\" src=\"https:\/\/www.hepic-hub.org\/wp-content\/uploads\/2023\/01\/Esnepi-300x113.png\" class=\"attachment-medium size-medium wp-image-2298\" alt=\"\" srcset=\"https:\/\/www.hepic-hub.org\/wp-content\/uploads\/2023\/01\/Esnepi-300x113.png 300w, https:\/\/www.hepic-hub.org\/wp-content\/uploads\/2023\/01\/Esnepi.png 386w\" sizes=\"(max-width: 300px) 100vw, 300px\" \/>\t\t\t\t\t\t\t\t<\/a>\n\t\t\t\t\t\t\t\t\t\t\t\t\t\t\t<\/div>\n\t\t\t\t<\/div>\n\t\t\t\t\t<\/div>\n\t\t<\/div>\n\t\t\t\t<div class=\"has_eae_slider elementor-column elementor-col-33 elementor-inner-column elementor-element elementor-element-3ae8639\" data-eae-slider=\"22553\" data-id=\"3ae8639\" data-element_type=\"column\" data-e-type=\"column\">\n\t\t\t<div class=\"elementor-widget-wrap elementor-element-populated\">\n\t\t\t\t\t\t<div class=\"elementor-element elementor-element-e3600fe elementor-widget elementor-widget-image\" data-id=\"e3600fe\" data-element_type=\"widget\" data-e-type=\"widget\" data-widget_type=\"image.default\">\n\t\t\t\t<div class=\"elementor-widget-container\">\n\t\t\t\t\t\t\t\t\t\t\t\t\t\t\t\t<a href=\"https:\/\/pirineosdrone.com\/\">\n\t\t\t\t\t\t\t<img decoding=\"async\" width=\"150\" height=\"150\" src=\"https:\/\/www.hepic-hub.org\/wp-content\/uploads\/2023\/01\/Pirineos-Drone-150x150.jpg\" class=\"attachment-thumbnail size-thumbnail wp-image-2307\" alt=\"\" srcset=\"https:\/\/www.hepic-hub.org\/wp-content\/uploads\/2023\/01\/Pirineos-Drone-150x150.jpg 150w, https:\/\/www.hepic-hub.org\/wp-content\/uploads\/2023\/01\/Pirineos-Drone.jpg 200w\" sizes=\"(max-width: 150px) 100vw, 150px\" \/>\t\t\t\t\t\t\t\t<\/a>\n\t\t\t\t\t\t\t\t\t\t\t\t\t\t\t<\/div>\n\t\t\t\t<\/div>\n\t\t\t\t<div class=\"elementor-element elementor-element-b75f057 elementor-widget elementor-widget-image\" data-id=\"b75f057\" data-element_type=\"widget\" data-e-type=\"widget\" data-widget_type=\"image.default\">\n\t\t\t\t<div class=\"elementor-widget-container\">\n\t\t\t\t\t\t\t\t\t\t\t\t\t\t\t\t<a href=\"https:\/\/www.electricriders.net\/\">\n\t\t\t\t\t\t\t<img decoding=\"async\" src=\"https:\/\/www.hepic-hub.org\/wp-content\/uploads\/2023\/01\/Electric-riders.jpg\" title=\"Electric riders\" alt=\"Electric riders\" loading=\"lazy\" \/>\t\t\t\t\t\t\t\t<\/a>\n\t\t\t\t\t\t\t\t\t\t\t\t\t\t\t<\/div>\n\t\t\t\t<\/div>\n\t\t\t\t<div class=\"elementor-element elementor-element-a86c554 elementor-widget elementor-widget-image\" data-id=\"a86c554\" data-element_type=\"widget\" data-e-type=\"widget\" data-widget_type=\"image.default\">\n\t\t\t\t<div class=\"elementor-widget-container\">\n\t\t\t\t\t\t\t\t\t\t\t\t\t\t\t\t<a href=\"https:\/\/www.comei.es\/es\/\">\n\t\t\t\t\t\t\t<img loading=\"lazy\" decoding=\"async\" width=\"150\" height=\"150\" src=\"https:\/\/www.hepic-hub.org\/wp-content\/uploads\/2023\/02\/COMEI-150x150.png\" class=\"attachment-thumbnail size-thumbnail wp-image-2362\" alt=\"\" srcset=\"https:\/\/www.hepic-hub.org\/wp-content\/uploads\/2023\/02\/COMEI-150x150.png 150w, https:\/\/www.hepic-hub.org\/wp-content\/uploads\/2023\/02\/COMEI-300x300.png 300w, https:\/\/www.hepic-hub.org\/wp-content\/uploads\/2023\/02\/COMEI.png 400w\" sizes=\"(max-width: 150px) 100vw, 150px\" \/>\t\t\t\t\t\t\t\t<\/a>\n\t\t\t\t\t\t\t\t\t\t\t\t\t\t\t<\/div>\n\t\t\t\t<\/div>\n\t\t\t\t\t<\/div>\n\t\t<\/div>\n\t\t\t\t<div class=\"has_eae_slider elementor-column elementor-col-33 elementor-inner-column elementor-element elementor-element-897ea34\" data-eae-slider=\"57126\" data-id=\"897ea34\" data-element_type=\"column\" data-e-type=\"column\">\n\t\t\t<div class=\"elementor-widget-wrap elementor-element-populated\">\n\t\t\t\t\t\t<div class=\"elementor-element elementor-element-01046fc elementor-widget elementor-widget-image\" data-id=\"01046fc\" data-element_type=\"widget\" data-e-type=\"widget\" data-widget_type=\"image.default\">\n\t\t\t\t<div class=\"elementor-widget-container\">\n\t\t\t\t\t\t\t\t\t\t\t\t\t\t\t\t<a href=\"https:\/\/www.verdeblu.es\/\">\n\t\t\t\t\t\t\t<img decoding=\"async\" src=\"https:\/\/www.hepic-hub.org\/wp-content\/uploads\/elementor\/thumbs\/Verd-e-Blu-rma9kpna9pagmb617swjle35kj4ic91ly4qc8npd4w.png\" title=\"Verd e Blu\" alt=\"Verd e Blu\" loading=\"lazy\" \/>\t\t\t\t\t\t\t\t<\/a>\n\t\t\t\t\t\t\t\t\t\t\t\t\t\t\t<\/div>\n\t\t\t\t<\/div>\n\t\t\t\t<div class=\"elementor-element elementor-element-d09a7bf elementor-widget elementor-widget-image\" data-id=\"d09a7bf\" data-element_type=\"widget\" data-e-type=\"widget\" data-widget_type=\"image.default\">\n\t\t\t\t<div class=\"elementor-widget-container\">\n\t\t\t\t\t\t\t\t\t\t\t\t\t\t\t\t<a href=\"http:\/\/www.olaestudio.com\/\">\n\t\t\t\t\t\t\t<img loading=\"lazy\" decoding=\"async\" width=\"150\" height=\"150\" src=\"https:\/\/www.hepic-hub.org\/wp-content\/uploads\/2023\/01\/OLA-Estudio-150x150.png\" class=\"attachment-thumbnail size-thumbnail wp-image-2304\" alt=\"\" srcset=\"https:\/\/www.hepic-hub.org\/wp-content\/uploads\/2023\/01\/OLA-Estudio-150x150.png 150w, https:\/\/www.hepic-hub.org\/wp-content\/uploads\/2023\/01\/OLA-Estudio.png 225w\" sizes=\"(max-width: 150px) 100vw, 150px\" \/>\t\t\t\t\t\t\t\t<\/a>\n\t\t\t\t\t\t\t\t\t\t\t\t\t\t\t<\/div>\n\t\t\t\t<\/div>\n\t\t\t\t\t<\/div>\n\t\t<\/div>\n\t\t\t\t\t<\/div>\n\t\t<\/section>\n\t\t\t\t\t<\/div>\n\t\t<\/div>\n\t\t\t\t\t<\/div>\n\t\t<\/section>\n\t\t\t\t<\/div>\n\t\t","protected":false},"excerpt":{"rendered":"<p>Qu\u00e8 \u00e9s l&#8217;Associaci\u00f3 d&#8217;Innovaci\u00f3 en Territoris de Muntanya L\u2019Associaci\u00f3 d\u2019Innovaci\u00f3 en Territoris de Muntanya \u00e9s una agrupaci\u00f3 de tots els agents que volen treballar de manera innovadora per aportar aquesta&#8230;<\/p>\n","protected":false},"author":6,"featured_media":2562,"parent":0,"menu_order":0,"comment_status":"closed","ping_status":"closed","template":"elementor_header_footer","meta":{"inline_featured_image":false,"footnotes":""},"class_list":["post-2320","page","type-page","status-publish","has-post-thumbnail","hentry"],"_links":{"self":[{"href":"https:\/\/www.hepic-hub.org\/ca\/wp-json\/wp\/v2\/pages\/2320","targetHints":{"allow":["GET"]}}],"collection":[{"href":"https:\/\/www.hepic-hub.org\/ca\/wp-json\/wp\/v2\/pages"}],"about":[{"href":"https:\/\/www.hepic-hub.org\/ca\/wp-json\/wp\/v2\/types\/page"}],"author":[{"embeddable":true,"href":"https:\/\/www.hepic-hub.org\/ca\/wp-json\/wp\/v2\/users\/6"}],"replies":[{"embeddable":true,"href":"https:\/\/www.hepic-hub.org\/ca\/wp-json\/wp\/v2\/comments?post=2320"}],"version-history":[{"count":4,"href":"https:\/\/www.hepic-hub.org\/ca\/wp-json\/wp\/v2\/pages\/2320\/revisions"}],"predecessor-version":[{"id":2368,"href":"https:\/\/www.hepic-hub.org\/ca\/wp-json\/wp\/v2\/pages\/2320\/revisions\/2368"}],"wp:featuredmedia":[{"embeddable":true,"href":"https:\/\/www.hepic-hub.org\/ca\/wp-json\/wp\/v2\/media\/2562"}],"wp:attachment":[{"href":"https:\/\/www.hepic-hub.org\/ca\/wp-json\/wp\/v2\/media?parent=2320"}],"curies":[{"name":"wp","href":"https:\/\/api.w.org\/{rel}","templated":true}]}}