{"id":1176,"date":"2021-06-15T13:16:47","date_gmt":"2021-06-15T13:16:47","guid":{"rendered":"https:\/\/www.hepic-hub.org\/serveis-i-programes\/he-incuba\/"},"modified":"2021-06-15T13:16:52","modified_gmt":"2021-06-15T13:16:52","slug":"he-incuba","status":"publish","type":"page","link":"https:\/\/www.hepic-hub.org\/ca\/serveis-i-programes\/he-incuba\/","title":{"rendered":"H\u00c8.INCUBA"},"content":{"rendered":"\t\t<div data-elementor-type=\"wp-page\" data-elementor-id=\"1176\" class=\"elementor elementor-1176 elementor-293\" data-elementor-post-type=\"page\">\n\t\t\t\t\t\t<section class=\"has_eae_slider elementor-section elementor-top-section elementor-element elementor-element-78ee21d elementor-section-full_width elementor-section-content-middle elementor-section-height-default elementor-section-height-default\" data-eae-slider=\"22083\" data-id=\"78ee21d\" data-element_type=\"section\" data-e-type=\"section\">\n\t\t\t\t\t\t<div class=\"elementor-container elementor-column-gap-no\">\n\t\t\t\t\t<div class=\"has_eae_slider elementor-column elementor-col-50 elementor-top-column elementor-element elementor-element-47d297b\" data-eae-slider=\"64127\" data-id=\"47d297b\" data-element_type=\"column\" data-e-type=\"column\" data-settings=\"{&quot;background_background&quot;:&quot;classic&quot;}\">\n\t\t\t<div class=\"elementor-widget-wrap elementor-element-populated\">\n\t\t\t\t\t<div class=\"elementor-background-overlay\"><\/div>\n\t\t\t\t\t\t<div class=\"elementor-element elementor-element-d24d175 elementor-widget elementor-widget-heading\" data-id=\"d24d175\" data-element_type=\"widget\" data-e-type=\"widget\" data-widget_type=\"heading.default\">\n\t\t\t\t<div class=\"elementor-widget-container\">\n\t\t\t\t\t<h4 class=\"elementor-heading-title elementor-size-default\">H\u00e8INCUBA<\/h4>\t\t\t\t<\/div>\n\t\t\t\t<\/div>\n\t\t\t\t\t<\/div>\n\t\t<\/div>\n\t\t\t\t<div class=\"has_eae_slider elementor-column elementor-col-50 elementor-top-column elementor-element elementor-element-a97d1aa\" data-eae-slider=\"92400\" data-id=\"a97d1aa\" data-element_type=\"column\" data-e-type=\"column\">\n\t\t\t<div class=\"elementor-widget-wrap elementor-element-populated\">\n\t\t\t\t\t\t<div class=\"elementor-element elementor-element-0dcc88d elementor-widget elementor-widget-text-editor\" data-id=\"0dcc88d\" data-element_type=\"widget\" data-e-type=\"widget\" data-widget_type=\"text-editor.default\">\n\t\t\t\t<div class=\"elementor-widget-container\">\n\t\t\t\t\t\t\t\t\t<p>L&#8217;objectiu d&#8217;aquest programa \u00e9s incubar els projectes innovadors emergents amb viabilitat econ\u00f2mica comprovada, per a dur a terme la seva implantaci\u00f3 en el mercat. Aquest programa t\u00e9 durada de 12 mesos, amb possibilitat d&#8217;ampliaci\u00f3 si la superviv\u00e8ncia del projecte dep\u00e8n d&#8217;aix\u00f2 i si no compromet a la viabilitat per la falta d&#8217;assessorament d&#8217;altres projectes innovadors. L&#8217;extensi\u00f3 del termini ser\u00e0 decidida pel comit\u00e8 directiu del Hub. Els serveis proposats seran:<\/p>\n<ul>\n<li>Assessorament per a aconseguir fons basi (inversi\u00f3\/pr\u00e9stec)<\/li>\n<li>Acc\u00e9s a un local econ\u00f2mic per a emprendre<\/li>\n<li>Facilitaci\u00f3 d&#8217;acc\u00e9s a assessories<\/li>\n<li>Acc\u00e9s a la comunitat d&#8217;empresaris i activitats de col\u00b7laboraci\u00f3<\/li>\n<li>Formaci\u00f3 en emprenedoria, m\u00e0rqueting, vendes, noves tecnologies, etc.<\/li>\n<li>Activitats de networking<\/li>\n<li>Si es comprova la viabilitat econ\u00f2mica del projecte, es passa a la seg\u00fcent fase de consolidaci\u00f3.<\/li>\n<\/ul>\n\t\t\t\t\t\t\t\t<\/div>\n\t\t\t\t<\/div>\n\t\t\t\t\t<\/div>\n\t\t<\/div>\n\t\t\t\t\t<\/div>\n\t\t<\/section>\n\t\t\t\t<section class=\"has_eae_slider elementor-section elementor-top-section elementor-element elementor-element-fa88f71 elementor-section-content-middle elementor-section-boxed elementor-section-height-default elementor-section-height-default\" data-eae-slider=\"9878\" data-id=\"fa88f71\" data-element_type=\"section\" data-e-type=\"section\">\n\t\t\t\t\t\t<div class=\"elementor-container elementor-column-gap-default\">\n\t\t\t\t\t<div class=\"has_eae_slider elementor-column elementor-col-100 elementor-top-column elementor-element elementor-element-0431403\" data-eae-slider=\"50066\" data-id=\"0431403\" data-element_type=\"column\" data-e-type=\"column\">\n\t\t\t<div class=\"elementor-widget-wrap elementor-element-populated\">\n\t\t\t\t\t\t<div class=\"elementor-element elementor-element-934c688 elementor-widget elementor-widget-text-editor\" data-id=\"934c688\" data-element_type=\"widget\" data-e-type=\"widget\" data-widget_type=\"text-editor.default\">\n\t\t\t\t<div class=\"elementor-widget-container\">\n\t\t\t\t\t\t\t\t\t<p><a href=\"https:\/\/www.hepic-hub.org\/ca\/serveis-i-programes\/\">&lt; Tornar a serveis i programes<\/a><\/p>\n\t\t\t\t\t\t\t\t<\/div>\n\t\t\t\t<\/div>\n\t\t\t\t\t<\/div>\n\t\t<\/div>\n\t\t\t\t\t<\/div>\n\t\t<\/section>\n\t\t\t\t<\/div>\n\t\t","protected":false},"excerpt":{"rendered":"<p>H\u00e8INCUBA L&#8217;objectiu d&#8217;aquest programa \u00e9s incubar els projectes innovadors emergents amb viabilitat econ\u00f2mica comprovada, per a dur a terme la seva implantaci\u00f3 en el mercat. Aquest programa t\u00e9 durada de&#8230;<\/p>\n","protected":false},"author":6,"featured_media":1178,"parent":1137,"menu_order":3,"comment_status":"closed","ping_status":"closed","template":"elementor_header_footer","meta":{"inline_featured_image":false,"footnotes":""},"class_list":["post-1176","page","type-page","status-publish","has-post-thumbnail","hentry"],"_links":{"self":[{"href":"https:\/\/www.hepic-hub.org\/ca\/wp-json\/wp\/v2\/pages\/1176","targetHints":{"allow":["GET"]}}],"collection":[{"href":"https:\/\/www.hepic-hub.org\/ca\/wp-json\/wp\/v2\/pages"}],"about":[{"href":"https:\/\/www.hepic-hub.org\/ca\/wp-json\/wp\/v2\/types\/page"}],"author":[{"embeddable":true,"href":"https:\/\/www.hepic-hub.org\/ca\/wp-json\/wp\/v2\/users\/6"}],"replies":[{"embeddable":true,"href":"https:\/\/www.hepic-hub.org\/ca\/wp-json\/wp\/v2\/comments?post=1176"}],"version-history":[{"count":1,"href":"https:\/\/www.hepic-hub.org\/ca\/wp-json\/wp\/v2\/pages\/1176\/revisions"}],"predecessor-version":[{"id":1177,"href":"https:\/\/www.hepic-hub.org\/ca\/wp-json\/wp\/v2\/pages\/1176\/revisions\/1177"}],"up":[{"embeddable":true,"href":"https:\/\/www.hepic-hub.org\/ca\/wp-json\/wp\/v2\/pages\/1137"}],"wp:featuredmedia":[{"embeddable":true,"href":"https:\/\/www.hepic-hub.org\/ca\/wp-json\/wp\/v2\/media\/1178"}],"wp:attachment":[{"href":"https:\/\/www.hepic-hub.org\/ca\/wp-json\/wp\/v2\/media?parent=1176"}],"curies":[{"name":"wp","href":"https:\/\/api.w.org\/{rel}","templated":true}]}}