{"id":1120,"date":"2021-06-15T08:52:32","date_gmt":"2021-06-15T08:52:32","guid":{"rendered":"https:\/\/www.hepic-hub.org\/coworking\/"},"modified":"2022-10-27T14:01:20","modified_gmt":"2022-10-27T12:01:20","slug":"coworking","status":"publish","type":"page","link":"https:\/\/www.hepic-hub.org\/ca\/coworking\/","title":{"rendered":"Coworking"},"content":{"rendered":"\t\t<div data-elementor-type=\"wp-page\" data-elementor-id=\"1120\" class=\"elementor elementor-1120 elementor-519\" data-elementor-post-type=\"page\">\n\t\t\t\t\n\t<script type=\"text\/javascript\">\n\t\t\n\t\tjQuery(document).ready(function ($) {\n\t\t\tvar elementSelector = \".elementor-element-367c568[data-eae-slider=75958]\";\n\t\t\tvar $element = jQuery(elementSelector);\n\n\t\t\t\/\/ Adding the HTML structure\n\t\t\t$element.prepend('<div class=\"eae-section-bs\"><div class=\"eae-section-bs-inner\"><\/div><\/div>');\n\n\t\t\t\/\/ Initialize vegas background slider\n\t\t\t$element.children('.eae-section-bs').children('.eae-section-bs-inner').vegas({\n\t\t\t\tslides: [{\"src\":\"https:\\\/\\\/www.hepic-hub.org\\\/wp-content\\\/uploads\\\/2022\\\/10\\\/IMG_0365-1-scaled.jpg\"},{\"src\":\"https:\\\/\\\/www.hepic-hub.org\\\/wp-content\\\/uploads\\\/2022\\\/10\\\/IMG_0410-scaled.jpg\"},{\"src\":\"https:\\\/\\\/www.hepic-hub.org\\\/wp-content\\\/uploads\\\/2022\\\/10\\\/IMG_0378-scaled.jpg\"},{\"src\":\"https:\\\/\\\/www.hepic-hub.org\\\/wp-content\\\/uploads\\\/2022\\\/10\\\/IMG_0388-scaled.jpg\"}],\n\t\t\t\ttransition: 'slideRight',\n\t\t\t\tanimation: '',\n\t\t\t\toverlay: 'https:\/\/www.hepic-hub.org\/wp-content\/plugins\/addon-elements-for-elementor-page-builder\/\/assets\/lib\/vegas\/overlays\/01.png',\n\t\t\t\tcover: true,\n\t\t\t\tdelay: 3000,\n\t\t\t\ttimer: true\t\t\t});\n\t\t\t\n\n\t\t\t\/\/ Clear the overlay if custom overlay switcher is set to 'yes'\n\t\t\tif ('' === 'yes') {\n\t\t\t\t$element.find('.vegas-overlay').css('background-image', '');\n\t\t\t}\n\t\t});\n\t<\/script>\n\t\t\t\t<section class=\"has_eae_slider elementor-section elementor-top-section elementor-element elementor-element-367c568 elementor-section-full_width elementor-section-height-default elementor-section-height-default\" data-eae-slider=\"75958\" data-id=\"367c568\" data-element_type=\"section\" data-e-type=\"section\" data-settings=\"{&quot;background_background&quot;:&quot;classic&quot;}\">\n\t\t\t\t\t\t\t<div class=\"elementor-background-overlay\"><\/div>\n\t\t\t\t\t\t\t<div class=\"elementor-container elementor-column-gap-default\">\n\t\t\t\t\t<div class=\"has_eae_slider elementor-column elementor-col-100 elementor-top-column elementor-element elementor-element-d33fa8f\" data-eae-slider=\"20289\" data-id=\"d33fa8f\" data-element_type=\"column\" data-e-type=\"column\">\n\t\t\t<div class=\"elementor-widget-wrap elementor-element-populated\">\n\t\t\t\t\t\t<div class=\"elementor-element elementor-element-5ec4895 elementor-widget elementor-widget-theme-post-title elementor-page-title elementor-widget-heading\" data-id=\"5ec4895\" data-element_type=\"widget\" data-e-type=\"widget\" data-widget_type=\"theme-post-title.default\">\n\t\t\t\t<div class=\"elementor-widget-container\">\n\t\t\t\t\t<h1 class=\"elementor-heading-title elementor-size-default\">Coworking<\/h1>\t\t\t\t<\/div>\n\t\t\t\t<\/div>\n\t\t\t\t\t<\/div>\n\t\t<\/div>\n\t\t\t\t\t<\/div>\n\t\t<\/section>\n\t\t\t\t<section class=\"has_eae_slider elementor-section elementor-top-section elementor-element elementor-element-8259742 elementor-section-boxed elementor-section-height-default elementor-section-height-default\" data-eae-slider=\"69211\" data-id=\"8259742\" data-element_type=\"section\" data-e-type=\"section\">\n\t\t\t\t\t\t<div class=\"elementor-container elementor-column-gap-default\">\n\t\t\t\t\t<div class=\"has_eae_slider elementor-column elementor-col-100 elementor-top-column elementor-element elementor-element-51da2be\" data-eae-slider=\"33269\" data-id=\"51da2be\" data-element_type=\"column\" data-e-type=\"column\">\n\t\t\t<div class=\"elementor-widget-wrap elementor-element-populated\">\n\t\t\t\t\t\t<div class=\"elementor-element elementor-element-a265599 elementor-widget elementor-widget-text-editor\" data-id=\"a265599\" data-element_type=\"widget\" data-e-type=\"widget\" data-widget_type=\"text-editor.default\">\n\t\t\t\t<div class=\"elementor-widget-container\">\n\t\t\t\t\t\t\t\t\t<p>Reinventa la teva forma i lloc de treball i descobreix el valor de formar part de la Comunitat H\u00e8Pic. Els nostres espais de treball compartit s\u00f3n flexibles, din\u00e0mics, innovadors i afavoreixen la creativitat i la col\u00b7laboraci\u00f3 entre els professionals que formen part d&#8217;aquesta comunitat.<\/p>\n\t\t\t\t\t\t\t\t<\/div>\n\t\t\t\t<\/div>\n\t\t\t\t<div class=\"elementor-element elementor-element-4cd890d elementor-widget elementor-widget-text-editor\" data-id=\"4cd890d\" data-element_type=\"widget\" data-e-type=\"widget\" data-widget_type=\"text-editor.default\">\n\t\t\t\t<div class=\"elementor-widget-container\">\n\t\t\t\t\t\t\t\t\t<p>En el nostre coworking comptem amb:<\/p>\n<ul>\n<li>Una sala d&#8217;espai compartit per a 16 persones<\/li>\n<li>2 sales de reunions<\/li>\n<li>1 sala de formacions \/ esdeveniments<\/li>\n<li>1 office<\/li>\n<li>1 bany<\/li>\n<\/ul>\n\t\t\t\t\t\t\t\t<\/div>\n\t\t\t\t<\/div>\n\t\t\t\t<div class=\"elementor-element elementor-element-15a9afd elementor-widget elementor-widget-text-editor\" data-id=\"15a9afd\" data-element_type=\"widget\" data-e-type=\"widget\" data-widget_type=\"text-editor.default\">\n\t\t\t\t<div class=\"elementor-widget-container\">\n\t\t\t\t\t\t\t\t\t<p><b>Vols treballar a un ambient col\u00b7laboratiu?<\/b><\/p><p>Has de presentar al Registre General del Conselh Generau d&#8217;Aran la <i>Sol\u00b7licitud per accedir a la comunitat H\u00e8Pic<\/i> i acceptar el <i>Reglament d&#8217;H\u00e8Pic coworking<\/i>.<\/p><p>\u00a0<\/p><p style=\"text-align: center;\">Aqu\u00ed els pots descarregar:<\/p>\t\t\t\t\t\t\t\t<\/div>\n\t\t\t\t<\/div>\n\t\t\t\t<div class=\"elementor-element elementor-element-09ca731 elementor-align-center elementor-widget elementor-widget-button\" data-id=\"09ca731\" data-element_type=\"widget\" data-e-type=\"widget\" data-widget_type=\"button.default\">\n\t\t\t\t<div class=\"elementor-widget-container\">\n\t\t\t\t\t\t\t\t\t<div class=\"elementor-button-wrapper\">\n\t\t\t\t\t<a class=\"elementor-button elementor-button-link elementor-size-md\" href=\"https:\/\/www.hepic-hub.org\/wp-content\/uploads\/2022\/06\/3_Reglamento-de-HePic-coworking-2.pdf\" target=\"_blank\">\n\t\t\t\t\t\t<span class=\"elementor-button-content-wrapper\">\n\t\t\t\t\t\t<span class=\"elementor-button-icon\">\n\t\t\t\t<i aria-hidden=\"true\" class=\"far fa-file-alt\"><\/i>\t\t\t<\/span>\n\t\t\t\t\t\t\t\t\t<span class=\"elementor-button-text\">Reglament<\/span>\n\t\t\t\t\t<\/span>\n\t\t\t\t\t<\/a>\n\t\t\t\t<\/div>\n\t\t\t\t\t\t\t\t<\/div>\n\t\t\t\t<\/div>\n\t\t\t\t<div class=\"elementor-element elementor-element-cf8079b elementor-align-center elementor-widget elementor-widget-button\" data-id=\"cf8079b\" data-element_type=\"widget\" data-e-type=\"widget\" data-widget_type=\"button.default\">\n\t\t\t\t<div class=\"elementor-widget-container\">\n\t\t\t\t\t\t\t\t\t<div class=\"elementor-button-wrapper\">\n\t\t\t\t\t<a class=\"elementor-button elementor-button-link elementor-size-md\" href=\"https:\/\/www.hepic-hub.org\/wp-content\/uploads\/2022\/06\/2_-SOLICITUD-PARA-ACCEDER-A-LA-COMUNIDAD-HEPIC-1.docx\" target=\"_blank\">\n\t\t\t\t\t\t<span class=\"elementor-button-content-wrapper\">\n\t\t\t\t\t\t<span class=\"elementor-button-icon\">\n\t\t\t\t<i aria-hidden=\"true\" class=\"far fa-file-alt\"><\/i>\t\t\t<\/span>\n\t\t\t\t\t\t\t\t\t<span class=\"elementor-button-text\">Sol\u00b7licitud<\/span>\n\t\t\t\t\t<\/span>\n\t\t\t\t\t<\/a>\n\t\t\t\t<\/div>\n\t\t\t\t\t\t\t\t<\/div>\n\t\t\t\t<\/div>\n\t\t\t\t<div class=\"elementor-element elementor-element-29a68a6 elementor-widget elementor-widget-text-editor\" data-id=\"29a68a6\" data-element_type=\"widget\" data-e-type=\"widget\" data-widget_type=\"text-editor.default\">\n\t\t\t\t<div class=\"elementor-widget-container\">\n\t\t\t\t\t\t\t\t\t<p style=\"text-align: center;\">Tamb\u00e9 pots descarregar les <i>Preguntes Freq\u00fcents<\/i> o contactar amb noslatres per tenir m\u00e9s informaci\u00f3.<\/p>\t\t\t\t\t\t\t\t<\/div>\n\t\t\t\t<\/div>\n\t\t\t\t<div class=\"elementor-element elementor-element-0d9b643 elementor-align-center elementor-widget elementor-widget-button\" data-id=\"0d9b643\" data-element_type=\"widget\" data-e-type=\"widget\" data-widget_type=\"button.default\">\n\t\t\t\t<div class=\"elementor-widget-container\">\n\t\t\t\t\t\t\t\t\t<div class=\"elementor-button-wrapper\">\n\t\t\t\t\t<a class=\"elementor-button elementor-button-link elementor-size-md\" href=\"https:\/\/www.hepic-hub.org\/wp-content\/uploads\/2022\/06\/5_FAQs-Coworking-HEPIC-4.pdf\" target=\"_blank\">\n\t\t\t\t\t\t<span class=\"elementor-button-content-wrapper\">\n\t\t\t\t\t\t<span class=\"elementor-button-icon\">\n\t\t\t\t<i aria-hidden=\"true\" class=\"far fa-file-alt\"><\/i>\t\t\t<\/span>\n\t\t\t\t\t\t\t\t\t<span class=\"elementor-button-text\">FAQs<\/span>\n\t\t\t\t\t<\/span>\n\t\t\t\t\t<\/a>\n\t\t\t\t<\/div>\n\t\t\t\t\t\t\t\t<\/div>\n\t\t\t\t<\/div>\n\t\t\t\t\t<\/div>\n\t\t<\/div>\n\t\t\t\t\t<\/div>\n\t\t<\/section>\n\t\t\t\t<\/div>\n\t\t","protected":false},"excerpt":{"rendered":"<p>Reinventa la teva forma i lloc de treball i descobreix el valor de formar part de la Comunitat H\u00e8Pic. Els nostres espais de treball compartit s\u00f3n flexibles, din\u00e0mics, innovadors i&#8230;<\/p>\n","protected":false},"author":6,"featured_media":1122,"parent":0,"menu_order":0,"comment_status":"closed","ping_status":"closed","template":"elementor_header_footer","meta":{"inline_featured_image":false,"footnotes":""},"class_list":["post-1120","page","type-page","status-publish","has-post-thumbnail","hentry"],"_links":{"self":[{"href":"https:\/\/www.hepic-hub.org\/ca\/wp-json\/wp\/v2\/pages\/1120","targetHints":{"allow":["GET"]}}],"collection":[{"href":"https:\/\/www.hepic-hub.org\/ca\/wp-json\/wp\/v2\/pages"}],"about":[{"href":"https:\/\/www.hepic-hub.org\/ca\/wp-json\/wp\/v2\/types\/page"}],"author":[{"embeddable":true,"href":"https:\/\/www.hepic-hub.org\/ca\/wp-json\/wp\/v2\/users\/6"}],"replies":[{"embeddable":true,"href":"https:\/\/www.hepic-hub.org\/ca\/wp-json\/wp\/v2\/comments?post=1120"}],"version-history":[{"count":10,"href":"https:\/\/www.hepic-hub.org\/ca\/wp-json\/wp\/v2\/pages\/1120\/revisions"}],"predecessor-version":[{"id":2146,"href":"https:\/\/www.hepic-hub.org\/ca\/wp-json\/wp\/v2\/pages\/1120\/revisions\/2146"}],"wp:featuredmedia":[{"embeddable":true,"href":"https:\/\/www.hepic-hub.org\/ca\/wp-json\/wp\/v2\/media\/1122"}],"wp:attachment":[{"href":"https:\/\/www.hepic-hub.org\/ca\/wp-json\/wp\/v2\/media?parent=1120"}],"curies":[{"name":"wp","href":"https:\/\/api.w.org\/{rel}","templated":true}]}}